{"id":14342,"date":"2021-07-25T17:43:51","date_gmt":"2021-07-25T17:43:51","guid":{"rendered":"https:\/\/arkaprofessionals.com\/?page_id=14342"},"modified":"2024-07-01T13:14:56","modified_gmt":"2024-07-01T17:14:56","slug":"consultoria-empresarial","status":"publish","type":"page","link":"https:\/\/arkaprofessionals.com\/ingles\/servicios\/consultoria-empresarial\/","title":{"rendered":"Business consulting"},"content":{"rendered":"<div class=\"banner has-hover\" id=\"banner-1444611820\">\n          <div class=\"banner-inner fill\">\n        <div class=\"banner-bg fill\" >\n            <img loading=\"lazy\" decoding=\"async\" width=\"1020\" height=\"681\" src=\"https:\/\/arkaprofessionals.com\/wp-content\/uploads\/2021\/08\/cover-consultoria-empresarial-arka-min-1024x684.jpeg\" class=\"bg attachment-large size-large\" alt=\"cover consultor\u00eda empresarial arka-min\" \/>                        <div class=\"overlay\"><\/div>            \n                    <\/div>\n\t\t\n        <div class=\"banner-layers container\">\n            <div class=\"fill banner-link\"><\/div>            \n\n   <div id=\"text-box-479600410\" class=\"text-box banner-layer x5 md-x5 lg-x5 y50 md-y50 lg-y50 res-text\">\n                     <div data-animate=\"fadeInLeft\">           <div class=\"text-box-content text dark\">\n              \n              <div class=\"text-inner text-left\">\n                  \n\n<div class=\"is-divider divider clearfix\" style=\"margin-top:0px;margin-bottom:0px;background-color:rgb(172, 14, 35);\"><\/div>\n\n\t<div id=\"text-1914995158\" class=\"text\">\n\t\t\n\n<h2 class=\"uppercase\"><strong>BUSINESS CONSULTANCY<\/strong><\/h2>\n\t\t\n<style>\n#text-1914995158 {\n  line-height: 1;\n}\n<\/style>\n\t<\/div>\n\t\n\n              <\/div>\n           <\/div>\n       <\/div>                     \n<style>\n#text-box-479600410 {\n  width: 60%;\n}\n#text-box-479600410 .text-box-content {\n  font-size: 100%;\n}\n@media (min-width:550px) {\n  #text-box-479600410 {\n    width: 40%;\n  }\n}\n<\/style>\n    <\/div>\n \n\n        <\/div>\n      <\/div>\n\n            \n<style>\n#banner-1444611820 {\n  padding-top: 400px;\n}\n#banner-1444611820 .overlay {\n  background-color: rgba(0, 0, 0, 0.5);\n}\n<\/style>\n  <\/div>\n\n\n\n\t<section class=\"section\" id=\"section_337081190\">\n\t\t<div class=\"section-bg fill\" >\n\t\t\t\t\t\t\t\t\t\n\t\t\t\n\n\t\t<\/div>\n\n\t\t\n\n\t\t<div class=\"section-content relative\">\n\t\t\t\n\n<div class=\"row row-large steps-simple-headline\"  id=\"row-250783127\">\n\n\n\t<div id=\"col-995111219\" class=\"col medium-4 small-12 large-4\"  >\n\t\t\t\t<div class=\"col-inner\"  >\n\t\t\t\n\t\t\t\n\n<h2>Effective solutions for technical issues in your company.<\/h2>\n\n\t\t<\/div>\n\t\t\t\t\t<\/div>\n\n\t\n\n\t<div id=\"col-1622533209\" class=\"col hide-for-medium medium-1 small-12 large-1\"  >\n\t\t\t\t<div class=\"col-inner\"  >\n\t\t\t\n\t\t\t\n\n\t<div id=\"gap-575164116\" class=\"gap-element clearfix\" style=\"display:block; height:auto;\">\n\t\t\n<style>\n#gap-575164116 {\n  padding-top: 30px;\n}\n<\/style>\n\t<\/div>\n\t\n\n\n\t\t<\/div>\n\t\t\t\t\t<\/div>\n\n\t\n\n\t<div id=\"col-1690792404\" class=\"col medium-8 small-12 large-7\"  >\n\t\t\t\t<div class=\"col-inner\"  >\n\t\t\t\n\t\t\t\n\n<div class=\"row row-collapse\"  id=\"row-614220835\">\n\n\n\t<div id=\"col-1511084414\" class=\"col medium-1 small-2 large-1\"  >\n\t\t\t\t<div class=\"col-inner\"  >\n\t\t\t\n\t\t\t\n\n<h2>01<\/h2>\n\n\t\t<\/div>\n\t\t\t\t\t<\/div>\n\n\t\n\n\t<div id=\"col-31609071\" class=\"col medium-11 small-10 large-11\"  >\n\t\t\t\t<div class=\"col-inner\"  >\n\t\t\t\n\t\t\t\n\n<p>Graphic Design<\/p>\n\n\t\t<\/div>\n\t\t\t\t\t<\/div>\n\n\t\n\n<\/div>\n<div class=\"is-divider divider clearfix\" style=\"margin-top:10px;margin-bottom:10px;max-width:100%;height:1px;\"><\/div>\n\n<div class=\"row row-collapse\"  id=\"row-1625291003\">\n\n\n\t<div id=\"col-1920523106\" class=\"col medium-1 small-2 large-1\"  >\n\t\t\t\t<div class=\"col-inner\"  >\n\t\t\t\n\t\t\t\n\n<h2>02<\/h2>\n\n\t\t<\/div>\n\t\t\t\t\t<\/div>\n\n\t\n\n\t<div id=\"col-803707236\" class=\"col medium-11 small-10 large-11\"  >\n\t\t\t\t<div class=\"col-inner\"  >\n\t\t\t\n\t\t\t\n\n<p>Web Development<\/p>\n\n\t\t<\/div>\n\t\t\t\t\t<\/div>\n\n\t\n\n<\/div>\n<div class=\"is-divider divider clearfix\" style=\"margin-top:10px;margin-bottom:10px;max-width:100%;height:1px;\"><\/div>\n\n<div class=\"row row-collapse align-middle\"  id=\"row-360649791\">\n\n\n\t<div id=\"col-658618946\" class=\"col medium-1 small-2 large-1\"  >\n\t\t\t\t<div class=\"col-inner\"  >\n\t\t\t\n\t\t\t\n\n<h2>03<\/h2>\n\n\t\t<\/div>\n\t\t\t\t\t<\/div>\n\n\t\n\n\t<div id=\"col-1135012844\" class=\"col medium-11 small-10 large-11\"  >\n\t\t\t\t<div class=\"col-inner\"  >\n\t\t\t\n\t\t\t\n\n<p>Entrepreneurship Mentoring<\/p>\n\n\t\t<\/div>\n\t\t\t\t\t<\/div>\n\n\t\n\n<\/div>\n<div class=\"is-divider divider clearfix\" style=\"margin-top:10px;margin-bottom:10px;max-width:100%;height:1px;\"><\/div>\n\n<div class=\"row row-collapse align-middle\"  id=\"row-1933330761\">\n\n\n\t<div id=\"col-1405596120\" class=\"col medium-1 small-2 large-1\"  >\n\t\t\t\t<div class=\"col-inner\"  >\n\t\t\t\n\t\t\t\n\n<h2>03<\/h2>\n\n\t\t<\/div>\n\t\t\t\t\t<\/div>\n\n\t\n\n\t<div id=\"col-75537156\" class=\"col medium-11 small-10 large-11\"  >\n\t\t\t\t<div class=\"col-inner\"  >\n\t\t\t\n\t\t\t\n\n<p>Technology Services<\/p>\n\n\t\t<\/div>\n\t\t\t\t\t<\/div>\n\n\t\n\n<\/div>\n\n\t\t<\/div>\n\t\t\t\t\t<\/div>\n\n\t\n\n<\/div>\n\n\t\t<\/div>\n\n\t\t\n<style>\n#section_337081190 {\n  padding-top: 60px;\n  padding-bottom: 60px;\n}\n<\/style>\n\t<\/section>\n\t\n<div class=\"row row-collapse row-full-width\"  id=\"row-1893421901\">\n\n\n\t<div id=\"col-1017844770\" class=\"col medium-6 small-12 large-6\"  >\n\t\t\t\t<div class=\"col-inner\"  >\n\t\t\t\n\t\t\t\n\n\n  <div class=\"banner has-hover\" id=\"banner-494429155\">\n          <div class=\"banner-inner fill\">\n        <div class=\"banner-bg fill\" >\n            <img loading=\"lazy\" decoding=\"async\" width=\"1020\" height=\"510\" src=\"https:\/\/arkaprofessionals.com\/wp-content\/uploads\/2021\/08\/cover-arka-importancia-del-diseno-1024x512.jpeg\" class=\"bg attachment-large size-large\" alt=\"cover arka importancia-del-diseno\" \/>                                    \n                    <\/div>\n\t\t\n        <div class=\"banner-layers container\">\n            <a class=\"fill\" href=\"\/ingles\/servicios\/consultoria-empresarial\/diseno-grafico\/\"><div class=\"fill banner-link\"><\/div><\/a>            \n\n\n        <\/div>\n      <\/div>\n\n            \n<style>\n#banner-494429155 {\n  padding-top: 500px;\n}\n<\/style>\n  <\/div>\n\n\n\n\t\t<\/div>\n\t\t\t\t\t<\/div>\n\n\t\n\n\t<div id=\"col-1743435510\" class=\"col medium-6 small-12 large-6\"  >\n\t\t\t\t<div class=\"col-inner\"  >\n\t\t\t\n\t\t\t\n\n\n  <div class=\"banner has-hover\" id=\"banner-599091878\">\n          <div class=\"banner-inner fill\">\n        <div class=\"banner-bg fill\" >\n                                                \n                    <\/div>\n\t\t\n        <div class=\"banner-layers container\">\n            <div class=\"fill banner-link\"><\/div>            \n\n   <div id=\"text-box-1204218941\" class=\"text-box banner-layer x50 md-x50 lg-x50 y50 md-y50 lg-y50 res-text\">\n                                <div class=\"text-box-content text\">\n              \n              <div class=\"text-inner text-center\">\n                  \n\n<h2><span style=\"font-size: 150%;\">GRAPHIC DESIGN<\/span><\/h2>\n<p><span style=\"font-size: 160%;\">We help you design the entire corporate image for your company, from business cards to a website.<\/span><\/p>\n<a href=\"\/ingles\/servicios\/consultoria-empresarial\/diseno-grafico\/\" class=\"button primary is-large\" >\n\t\t<span>SEE MORE<\/span>\n\t<\/a>\n\n\n\n              <\/div>\n           <\/div>\n                            \n<style>\n#text-box-1204218941 {\n  width: 70%;\n}\n#text-box-1204218941 .text-box-content {\n  font-size: 100%;\n}\n<\/style>\n    <\/div>\n \n\n        <\/div>\n      <\/div>\n\n            \n<style>\n#banner-599091878 {\n  padding-top: 500px;\n  background-color: rgb(255,255,255);\n}\n<\/style>\n  <\/div>\n\n\n\n\t\t<\/div>\n\t\t\t\t\t<\/div>\n\n\t\n\n<\/div>\n<div class=\"row row-collapse row-full-width\"  id=\"row-2097194177\">\n\n\n\t<div id=\"col-1161407270\" class=\"col medium-6 small-12 large-6\"  >\n\t\t\t\t<div class=\"col-inner\"  >\n\t\t\t\n\t\t\t\n\n\n  <div class=\"banner has-hover\" id=\"banner-94929088\">\n          <div class=\"banner-inner fill\">\n        <div class=\"banner-bg fill\" >\n                                                \n                    <\/div>\n\t\t\n        <div class=\"banner-layers container\">\n            <div class=\"fill banner-link\"><\/div>            \n\n   <div id=\"text-box-1805319873\" class=\"text-box banner-layer x50 md-x50 lg-x50 y50 md-y50 lg-y50 res-text\">\n                                <div class=\"text-box-content text\">\n              \n              <div class=\"text-inner text-center\">\n                  \n\n<h2><span style=\"font-size: 150%;\">CORPORATE WEBSITES<\/span><\/h2>\n<p><span style=\"font-size: 160%;\">Creaci\u00f3n y desarrollo\u00a0de sitios web corporativos para su Empresa.<\/span><\/p>\n<a href=\"\/ingles\/servicios\/consultoria-empresarial\/sitios-web-corporativos\/\" class=\"button primary is-large\" >\n\t\t<span>SEE MORE<\/span>\n\t<\/a>\n\n\n\n              <\/div>\n           <\/div>\n                            \n<style>\n#text-box-1805319873 {\n  width: 57%;\n}\n#text-box-1805319873 .text-box-content {\n  font-size: 100%;\n}\n<\/style>\n    <\/div>\n \n\n        <\/div>\n      <\/div>\n\n            \n<style>\n#banner-94929088 {\n  padding-top: 500px;\n  background-color: rgb(255,255,255);\n}\n<\/style>\n  <\/div>\n\n\n\n\t\t<\/div>\n\t\t\t\t\t<\/div>\n\n\t\n\n\t<div id=\"col-790010858\" class=\"col medium-6 small-12 large-6 small-col-first\"  >\n\t\t\t\t<div class=\"col-inner\"  >\n\t\t\t\n\t\t\t\n\n\n  <div class=\"banner has-hover\" id=\"banner-1760801392\">\n          <div class=\"banner-inner fill\">\n        <div class=\"banner-bg fill\" >\n            <img loading=\"lazy\" decoding=\"async\" width=\"1020\" height=\"574\" src=\"https:\/\/arkaprofessionals.com\/wp-content\/uploads\/2021\/08\/cover-arka-creacion-sitios-web-min-1024x576.jpeg\" class=\"bg attachment-large size-large\" alt=\"cover-arka-creacion-sitios-web-min\" \/>                                    \n                    <\/div>\n\t\t\n        <div class=\"banner-layers container\">\n            <a class=\"fill\" href=\"\/ingles\/servicios\/consultoria-empresarial\/sitios-web-corporativos\/\"><div class=\"fill banner-link\"><\/div><\/a>            \n\n\n        <\/div>\n      <\/div>\n\n            \n<style>\n#banner-1760801392 {\n  padding-top: 500px;\n}\n<\/style>\n  <\/div>\n\n\n\n\t\t<\/div>\n\t\t\t\t\t<\/div>\n\n\t\n\n<\/div>\n<div class=\"row row-collapse row-full-width\"  id=\"row-1494642554\">\n\n\n\t<div id=\"col-2079419828\" class=\"col medium-6 small-12 large-6\"  >\n\t\t\t\t<div class=\"col-inner\"  >\n\t\t\t\n\t\t\t\n\n\n  <div class=\"banner has-hover\" id=\"banner-1086330915\">\n          <div class=\"banner-inner fill\">\n        <div class=\"banner-bg fill\" >\n            <img loading=\"lazy\" decoding=\"async\" width=\"1020\" height=\"712\" src=\"https:\/\/arkaprofessionals.com\/wp-content\/uploads\/2021\/08\/cover-arka-entrepenuer-min.jpeg\" class=\"bg attachment-large size-large\" alt=\"cover arka entrepenuer-min\" \/>                                    \n                    <\/div>\n\t\t\n        <div class=\"banner-layers container\">\n            <a class=\"fill\" href=\"\/ingles\/servicios\/consultoria-empresarial\/entrepreneurs\/\"><div class=\"fill banner-link\"><\/div><\/a>            \n\n\n        <\/div>\n      <\/div>\n\n            \n<style>\n#banner-1086330915 {\n  padding-top: 500px;\n}\n<\/style>\n  <\/div>\n\n\n\n\t\t<\/div>\n\t\t\t\t\t<\/div>\n\n\t\n\n\t<div id=\"col-1010951958\" class=\"col medium-6 small-12 large-6\"  >\n\t\t\t\t<div class=\"col-inner\"  >\n\t\t\t\n\t\t\t\n\n\n  <div class=\"banner has-hover\" id=\"banner-453599588\">\n          <div class=\"banner-inner fill\">\n        <div class=\"banner-bg fill\" >\n                                                \n                    <\/div>\n\t\t\n        <div class=\"banner-layers container\">\n            <div class=\"fill banner-link\"><\/div>            \n\n   <div id=\"text-box-630566678\" class=\"text-box banner-layer x50 md-x50 lg-x50 y50 md-y50 lg-y50 res-text\">\n                                <div class=\"text-box-content text\">\n              \n              <div class=\"text-inner text-center\">\n                  \n\n<h2><span style=\"font-size: 150%;\">ENTREPENEURS<\/span><\/h2>\n<p><span style=\"font-size: 160%;\">Sometimes you may need a trained professional to evaluate your company's operations.<\/span><\/p>\n<a href=\"\/ingles\/servicios\/consultoria-empresarial\/entrepreneurs\/\" class=\"button primary is-large\" >\n\t\t<span>SEE MORE<\/span>\n\t<\/a>\n\n\n\n              <\/div>\n           <\/div>\n                            \n<style>\n#text-box-630566678 {\n  width: 61%;\n}\n#text-box-630566678 .text-box-content {\n  font-size: 100%;\n}\n<\/style>\n    <\/div>\n \n\n        <\/div>\n      <\/div>\n\n            \n<style>\n#banner-453599588 {\n  padding-top: 500px;\n  background-color: rgb(255,255,255);\n}\n<\/style>\n  <\/div>\n\n\n\n\t\t<\/div>\n\t\t\t\t\t<\/div>\n\n\t\n\n<\/div>\n<div class=\"row row-collapse row-full-width\"  id=\"row-2100224887\">\n\n\n\t<div id=\"col-2102180973\" class=\"col medium-6 small-12 large-6\"  >\n\t\t\t\t<div class=\"col-inner\"  >\n\t\t\t\n\t\t\t\n\n\n  <div class=\"banner has-hover\" id=\"banner-2018599700\">\n          <div class=\"banner-inner fill\">\n        <div class=\"banner-bg fill\" >\n                                                \n                    <\/div>\n\t\t\n        <div class=\"banner-layers container\">\n            <div class=\"fill banner-link\"><\/div>            \n\n   <div id=\"text-box-1301145521\" class=\"text-box banner-layer x50 md-x50 lg-x50 y50 md-y50 lg-y50 res-text\">\n                                <div class=\"text-box-content text\">\n              \n              <div class=\"text-inner text-center\">\n                  \n\n<h2><span style=\"font-size: 150%;\">TECHNOLOGY SERVICES<\/span><\/h2>\n<p><span style=\"font-size: 160%;\">We repair and maintain all brands of computers.<\/span><\/p>\n<a href=\"\/ingles\/servicios\/consultoria-empresarial\/servicios-tecnologicos\/\" class=\"button primary is-large\" >\n\t\t<span>SEE MORE<\/span>\n\t<\/a>\n\n\n\n              <\/div>\n           <\/div>\n                            \n<style>\n#text-box-1301145521 {\n  width: 57%;\n}\n#text-box-1301145521 .text-box-content {\n  font-size: 100%;\n}\n<\/style>\n    <\/div>\n \n\n        <\/div>\n      <\/div>\n\n            \n<style>\n#banner-2018599700 {\n  padding-top: 500px;\n  background-color: rgb(255,255,255);\n}\n<\/style>\n  <\/div>\n\n\n\n\t\t<\/div>\n\t\t\t\t\t<\/div>\n\n\t\n\n\t<div id=\"col-2117164270\" class=\"col medium-6 small-12 large-6 small-col-first\"  >\n\t\t\t\t<div class=\"col-inner\"  >\n\t\t\t\n\t\t\t\n\n\n  <div class=\"banner has-hover\" id=\"banner-867922262\">\n          <div class=\"banner-inner fill\">\n        <div class=\"banner-bg fill\" >\n            <img loading=\"lazy\" decoding=\"async\" width=\"1020\" height=\"417\" src=\"https:\/\/arkaprofessionals.com\/wp-content\/uploads\/2021\/08\/cover-arka-servicios-tecnologi\u0301a-min-1024x419.jpeg\" class=\"bg attachment-large size-large\" alt=\"cover arka servicios tecnologi\u0301a-min\" \/>                                    \n                    <\/div>\n\t\t\n        <div class=\"banner-layers container\">\n            <a class=\"fill\" href=\"\/ingles\/servicios\/consultoria-empresarial\/servicios-tecnologicos\/\"><div class=\"fill banner-link\"><\/div><\/a>            \n\n\n        <\/div>\n      <\/div>\n\n            \n<style>\n#banner-867922262 {\n  padding-top: 500px;\n}\n#banner-867922262 .banner-bg img {\n  object-position: 2% 15%;\n}\n<\/style>\n  <\/div>\n\n\n\n\t\t<\/div>\n\t\t\t\t\t<\/div>\n\n\t\n\n<\/div>\n\n  <div class=\"banner has-hover\" id=\"banner-1168577234\">\n          <div class=\"banner-inner fill\">\n        <div class=\"banner-bg fill\" >\n                                                \n                    <\/div>\n\t\t\n        <div class=\"banner-layers container\">\n            <div class=\"fill banner-link\"><\/div>            \n\n   <div id=\"text-box-1307649358\" class=\"text-box banner-layer x50 md-x50 lg-x50 y20 md-y50 lg-y50 res-text\">\n                                <div class=\"text-box-content text\">\n              \n              <div class=\"text-inner text-center\">\n                  \n\n\t<div id=\"gap-1362850976\" class=\"gap-element clearfix\" style=\"display:block; height:auto;\">\n\t\t\n<style>\n#gap-1362850976 {\n  padding-top: 10px;\n}\n<\/style>\n\t<\/div>\n\t\n\n<h3>You are seeking <strong>administrative guidance for your company<\/strong><\/h3>\n\t<div id=\"gap-913057799\" class=\"gap-element clearfix\" style=\"display:block; height:auto;\">\n\t\t\n<style>\n#gap-913057799 {\n  padding-top: 10px;\n}\n<\/style>\n\t<\/div>\n\t\n\n<a href=\"\/ingles\/contacto\/\" class=\"button primary is-outline is-large\" >\n\t\t<span>Contact us now<\/span>\n\t<\/a>\n\n\n\n              <\/div>\n           <\/div>\n                            \n<style>\n#text-box-1307649358 {\n  width: 60%;\n}\n#text-box-1307649358 .text-box-content {\n  font-size: 100%;\n}\n<\/style>\n    <\/div>\n \n\n        <\/div>\n      <\/div>\n\n            \n<style>\n#banner-1168577234 {\n  padding-top: 75%;\n  background-color: rgb(255, 255, 255);\n}\n@media (min-width:550px) {\n  #banner-1168577234 {\n    padding-top: 300px;\n  }\n}\n<\/style>\n  <\/div>","protected":false},"excerpt":{"rendered":"","protected":false},"author":1,"featured_media":0,"parent":14332,"menu_order":3,"comment_status":"closed","ping_status":"closed","template":"","meta":{"footnotes":""},"class_list":["post-14342","page","type-page","status-publish","hentry"],"yoast_head":"<!-- This site is optimized with the Yoast SEO plugin v27.3 - https:\/\/yoast.com\/product\/yoast-seo-wordpress\/ -->\n<title>CONSULTOR\u00cdA EMPRESARIAL - Soluciones efectivas<\/title>\n<meta name=\"description\" content=\"Soluciones efectivas para los problemas t\u00e9cnicos - Dise\u00f1o gr\u00e1fico,desarrollo de sitios web,mentor\u00eda para entrepreneurs,servicios tecnol\u00f3gicos\" \/>\n<meta name=\"robots\" content=\"index, follow, max-snippet:-1, max-image-preview:large, max-video-preview:-1\" \/>\n<link rel=\"canonical\" href=\"https:\/\/arkaprofessionals.com\/ingles\/servicios\/consultoria-empresarial\/\" \/>\n<meta property=\"og:locale\" content=\"en_US\" \/>\n<meta property=\"og:type\" content=\"article\" \/>\n<meta property=\"og:title\" content=\"CONSULTOR\u00cdA EMPRESARIAL - Soluciones efectivas\" \/>\n<meta property=\"og:description\" content=\"Soluciones efectivas para los problemas t\u00e9cnicos - Dise\u00f1o gr\u00e1fico,desarrollo de sitios web,mentor\u00eda para entrepreneurs,servicios tecnol\u00f3gicos\" \/>\n<meta property=\"og:url\" content=\"https:\/\/arkaprofessionals.com\/ingles\/servicios\/consultoria-empresarial\/\" \/>\n<meta property=\"og:site_name\" content=\"Arka Professionals Services\" \/>\n<meta property=\"article:modified_time\" content=\"2024-07-01T17:14:56+00:00\" \/>\n<meta name=\"twitter:card\" content=\"summary_large_image\" \/>\n<meta name=\"twitter:label1\" content=\"Est. reading time\" \/>\n\t<meta name=\"twitter:data1\" content=\"2 minutes\" \/>\n<!-- \/ Yoast SEO plugin. -->","yoast_head_json":{"title":"CONSULTOR\u00cdA EMPRESARIAL - Soluciones efectivas","description":"Soluciones efectivas para los problemas t\u00e9cnicos - Dise\u00f1o gr\u00e1fico,desarrollo de sitios web,mentor\u00eda para entrepreneurs,servicios tecnol\u00f3gicos","robots":{"index":"index","follow":"follow","max-snippet":"max-snippet:-1","max-image-preview":"max-image-preview:large","max-video-preview":"max-video-preview:-1"},"canonical":"https:\/\/arkaprofessionals.com\/ingles\/servicios\/consultoria-empresarial\/","og_locale":"en_US","og_type":"article","og_title":"CONSULTOR\u00cdA EMPRESARIAL - Soluciones efectivas","og_description":"Soluciones efectivas para los problemas t\u00e9cnicos - Dise\u00f1o gr\u00e1fico,desarrollo de sitios web,mentor\u00eda para entrepreneurs,servicios tecnol\u00f3gicos","og_url":"https:\/\/arkaprofessionals.com\/ingles\/servicios\/consultoria-empresarial\/","og_site_name":"Arka Professionals Services","article_modified_time":"2024-07-01T17:14:56+00:00","twitter_card":"summary_large_image","twitter_misc":{"Est. reading time":"2 minutes"},"schema":{"@context":"https:\/\/schema.org","@graph":[{"@type":"WebPage","@id":"https:\/\/arkaprofessionals.com\/servicios\/consultoria-empresarial\/","url":"https:\/\/arkaprofessionals.com\/servicios\/consultoria-empresarial\/","name":"CONSULTOR\u00cdA EMPRESARIAL - Soluciones efectivas","isPartOf":{"@id":"https:\/\/arkaprofessionals.com\/#website"},"datePublished":"2021-07-25T17:43:51+00:00","dateModified":"2024-07-01T17:14:56+00:00","description":"Soluciones efectivas para los problemas t\u00e9cnicos - Dise\u00f1o gr\u00e1fico,desarrollo de sitios web,mentor\u00eda para entrepreneurs,servicios tecnol\u00f3gicos","breadcrumb":{"@id":"https:\/\/arkaprofessionals.com\/servicios\/consultoria-empresarial\/#breadcrumb"},"inLanguage":"en-US","potentialAction":[{"@type":"ReadAction","target":["https:\/\/arkaprofessionals.com\/servicios\/consultoria-empresarial\/"]}]},{"@type":"BreadcrumbList","@id":"https:\/\/arkaprofessionals.com\/servicios\/consultoria-empresarial\/#breadcrumb","itemListElement":[{"@type":"ListItem","position":1,"name":"Portada","item":"https:\/\/arkaprofessionals.com\/"},{"@type":"ListItem","position":2,"name":"Servicios","item":"https:\/\/arkaprofessionals.com\/servicios\/"},{"@type":"ListItem","position":3,"name":"Consultor\u00eda empresarial"}]},{"@type":"WebSite","@id":"https:\/\/arkaprofessionals.com\/#website","url":"https:\/\/arkaprofessionals.com\/","name":"Arka Professionals Services","description":"Servicios administrativos","publisher":{"@id":"https:\/\/arkaprofessionals.com\/#organization"},"potentialAction":[{"@type":"SearchAction","target":{"@type":"EntryPoint","urlTemplate":"https:\/\/arkaprofessionals.com\/?s={search_term_string}"},"query-input":{"@type":"PropertyValueSpecification","valueRequired":true,"valueName":"search_term_string"}}],"inLanguage":"en-US"},{"@type":"Organization","@id":"https:\/\/arkaprofessionals.com\/#organization","name":"Arka Professionals","url":"https:\/\/arkaprofessionals.com\/","logo":{"@type":"ImageObject","inLanguage":"en-US","@id":"https:\/\/arkaprofessionals.com\/#\/schema\/logo\/image\/","url":"https:\/\/arkaprofessionals.com\/wp-content\/uploads\/2022\/03\/logo_arka.png","contentUrl":"https:\/\/arkaprofessionals.com\/wp-content\/uploads\/2022\/03\/logo_arka.png","width":500,"height":370,"caption":"Arka Professionals"},"image":{"@id":"https:\/\/arkaprofessionals.com\/#\/schema\/logo\/image\/"}}]}},"_links":{"self":[{"href":"https:\/\/arkaprofessionals.com\/ingles\/wp-json\/wp\/v2\/pages\/14342","targetHints":{"allow":["GET"]}}],"collection":[{"href":"https:\/\/arkaprofessionals.com\/ingles\/wp-json\/wp\/v2\/pages"}],"about":[{"href":"https:\/\/arkaprofessionals.com\/ingles\/wp-json\/wp\/v2\/types\/page"}],"author":[{"embeddable":true,"href":"https:\/\/arkaprofessionals.com\/ingles\/wp-json\/wp\/v2\/users\/1"}],"replies":[{"embeddable":true,"href":"https:\/\/arkaprofessionals.com\/ingles\/wp-json\/wp\/v2\/comments?post=14342"}],"version-history":[{"count":36,"href":"https:\/\/arkaprofessionals.com\/ingles\/wp-json\/wp\/v2\/pages\/14342\/revisions"}],"predecessor-version":[{"id":14901,"href":"https:\/\/arkaprofessionals.com\/ingles\/wp-json\/wp\/v2\/pages\/14342\/revisions\/14901"}],"up":[{"embeddable":true,"href":"https:\/\/arkaprofessionals.com\/ingles\/wp-json\/wp\/v2\/pages\/14332"}],"wp:attachment":[{"href":"https:\/\/arkaprofessionals.com\/ingles\/wp-json\/wp\/v2\/media?parent=14342"}],"curies":[{"name":"wp","href":"https:\/\/api.w.org\/{rel}","templated":true}]}}