{"id":14689,"date":"2021-08-20T14:19:12","date_gmt":"2021-08-20T18:19:12","guid":{"rendered":"https:\/\/arkaprofessionals.com\/?page_id=14689"},"modified":"2022-02-15T17:04:34","modified_gmt":"2022-02-15T21:04:34","slug":"impuestos","status":"publish","type":"page","link":"https:\/\/arkaprofessionals.com\/ingles\/servicios\/contabilidad\/impuestos\/","title":{"rendered":"Taxes"},"content":{"rendered":"<div class=\"banner has-hover\" id=\"banner-1379390052\">\n          <div class=\"banner-inner fill\">\n        <div class=\"banner-bg fill\" >\n            <img loading=\"lazy\" decoding=\"async\" width=\"1020\" height=\"574\" src=\"https:\/\/arkaprofessionals.com\/wp-content\/uploads\/2021\/08\/arka-impuesto-cover-1024x576.jpeg\" class=\"bg attachment-large size-large\" alt=\"arka-impuesto-cover\" \/>                        <div class=\"overlay\"><\/div>            \n                    <\/div>\n\t\t\n        <div class=\"banner-layers container\">\n            <div class=\"fill banner-link\"><\/div>            \n\n   <div id=\"text-box-1691897122\" class=\"text-box banner-layer x5 md-x5 lg-x5 y50 md-y50 lg-y50 res-text\">\n                     <div data-animate=\"fadeInLeft\">           <div class=\"text-box-content text dark\">\n              \n              <div class=\"text-inner text-left\">\n                  \n\n<div class=\"is-divider divider clearfix\" style=\"margin-top:0px;margin-bottom:0px;background-color:rgb(172, 14, 35);\"><\/div>\n\n\t<div id=\"text-482626366\" class=\"text\">\n\t\t\n\n<h2 class=\"uppercase\"><strong>IMPUESTOS<\/strong><\/h2>\n\t\t\n<style>\n#text-482626366 {\n  line-height: 1;\n}\n<\/style>\n\t<\/div>\n\t\n\n              <\/div>\n           <\/div>\n       <\/div>                     \n<style>\n#text-box-1691897122 {\n  width: 60%;\n}\n#text-box-1691897122 .text-box-content {\n  font-size: 100%;\n}\n@media (min-width:550px) {\n  #text-box-1691897122 {\n    width: 40%;\n  }\n}\n<\/style>\n    <\/div>\n \n\n        <\/div>\n      <\/div>\n\n            \n<style>\n#banner-1379390052 {\n  padding-top: 400px;\n}\n#banner-1379390052 .overlay {\n  background-color: rgba(0, 0, 0, 0.5);\n}\n<\/style>\n  <\/div>\n\n\n\n\t<section class=\"section\" id=\"section_1835360226\">\n\t\t<div class=\"section-bg fill\" >\n\t\t\t\t\t\t\t\t\t\n\t\t\t\n\n\t\t<\/div>\n\n\t\t\n\n\t\t<div class=\"section-content relative\">\n\t\t\t\n\n\t<div id=\"gap-706565947\" class=\"gap-element clearfix\" style=\"display:block; height:auto;\">\n\t\t\n<style>\n#gap-706565947 {\n  padding-top: 50px;\n}\n<\/style>\n\t<\/div>\n\t\n\n<div class=\"row align-center\"  id=\"row-788608372\">\n\n\n\t<div id=\"col-347991328\" class=\"col medium-5 small-10 large-5\"  >\n\t\t\t\t<div class=\"col-inner\"  >\n\t\t\t\n\t\t\t\n\n\t<div id=\"text-379801837\" class=\"text\">\n\t\t\n\n<p><span style=\"font-size: 100%;\">Preparing your own tax return can be a task that leaves you with more questions than answers. <\/span><\/p>\n<p><span style=\"font-size: 100%;\">De acuerdo con un estudio dado a conocer por la Oficina del Gobierno de los EE.UU. de Contabilidad General, la mayor\u00eda de los contribuyentes (77% de 71 millones de contribuyentes) creen que se benefici\u00f3 de un preparador profesional de impuestos. <\/span><\/p>\n<p><span style=\"font-size: 100%;\">Nos guste o no, las leyes actuales de impuestos son tan complicadas que presentar una declaraci\u00f3n relativamente simple puede ser confuso. <\/span><\/p>\n<p><span style=\"font-size: 100%;\">Es demasiado f\u00e1cil pasar por alto deducciones y cr\u00e9ditos a los que tiene derecho. Incluso si utiliza un programa de computadora que no hay sustituto para la asistencia de un profesional de impuestos con experiencia.<\/span><\/p>\n\t\t\n<style>\n#text-379801837 {\n  color: rgb(0,0,0);\n}\n#text-379801837 > * {\n  color: rgb(0,0,0);\n}\n<\/style>\n\t<\/div>\n\t\n\n\t\t<\/div>\n\t\t\t\t\n<style>\n#col-347991328 > .col-inner {\n  padding: 0px 40px 0px 0px;\n}\n<\/style>\n\t<\/div>\n\n\t\n\n\t<div id=\"col-1233573363\" class=\"col medium-7 small-10 large-7\"  >\n\t\t\t\t<div class=\"col-inner\"  >\n\t\t\t\n\t\t\t\n\n<div class=\"cmsmasters_column one_first\">\n<div class=\"cmsmasters_text\">\n<h2>Esto es lo que obtienes \u2026<\/h2>\n<ul>\n<li><span style=\"font-size: 90%;\">Su declaraci\u00f3n de impuestos ser\u00e1 comprobada y vuelto a comprobar por nuestro&nbsp;programa de ordenador; identificar posibles problemas con el IRS puede mirar m\u00e1s de cerca y revisar los c\u00e1lculos para limitar los contactos del IRS.<\/span><\/li>\n<li><span style=\"font-size: 90%;\">Su declaraci\u00f3n de impuestos puede ser presentada electr\u00f3nicamente, de manera que usted conseguir\u00e1 un reembolso de vuelta m\u00e1s r\u00e1pido.<\/span><\/li>\n<li><span style=\"font-size: 90%;\">Nuestro personal le mostrar\u00e1 c\u00f3mo ajustar sus retenciones de n\u00f3mina para conseguir m\u00e1s dinero cada semana. \u00bfPor qu\u00e9 dar al IRS un pr\u00e9stamo sin intereses por hasta 16 meses?.<\/span><\/li>\n<li><span style=\"font-size: 90%;\">Le mostraremos deducciones potenciales para limitar su responsabilidad fiscal para el pr\u00f3ximo a\u00f1o. Adem\u00e1s, se le dar\u00e1 una hoja de deducciones com\u00fanmente pasados por alto para limitar la responsabilidad del siguiente a\u00f1o fiscal.<\/span><br><span style=\"font-size: 90%;\">Sus Libros son un problema? No hay problema!<\/span><br><span style=\"font-size: 90%;\">Si usted es due\u00f1o de una peque\u00f1a empresa y no han mantenido su contabilidad, no se preocupe. Nosotros le podemos ayudar. Vamos a preparar su contabilidad para el a\u00f1o, preparar un Anexo C completo, as\u00ed como su declaraci\u00f3n de impuesto sobre la renta personal. A continuaci\u00f3n, le ayudaremos a establecer un sistema sencillo que le permite mantener sus libros en plena forma el pr\u00f3ximo a\u00f1o.<\/span><\/li>\n<\/ul>\n<\/div>\n<\/div>\n\n\t\t<\/div>\n\t\t\t\t\t<\/div>\n\n\t\n\n<\/div>\n\n\t\t<\/div>\n\n\t\t\n<style>\n#section_1835360226 {\n  padding-top: 20px;\n  padding-bottom: 20px;\n}\n<\/style>\n\t<\/section>\n\t\n\n  <div class=\"banner has-hover\" id=\"banner-895243454\">\n          <div class=\"banner-inner fill\">\n        <div class=\"banner-bg fill\" >\n                                                \n                    <\/div>\n\t\t\n        <div class=\"banner-layers container\">\n            <div class=\"fill banner-link\"><\/div>            \n\n   <div id=\"text-box-465556641\" class=\"text-box banner-layer x50 md-x50 lg-x50 y20 md-y50 lg-y50 res-text\">\n                                <div class=\"text-box-content text\">\n              \n              <div class=\"text-inner text-center\">\n                  \n\n\t<div id=\"gap-253770031\" class=\"gap-element clearfix\" style=\"display:block; height:auto;\">\n\t\t\n<style>\n#gap-253770031 {\n  padding-top: 10px;\n}\n<\/style>\n\t<\/div>\n\t\n\n<h3>You are seeking <strong>administrative guidance for your company<\/strong><\/h3>\n\t<div id=\"gap-650595602\" class=\"gap-element clearfix\" style=\"display:block; height:auto;\">\n\t\t\n<style>\n#gap-650595602 {\n  padding-top: 10px;\n}\n<\/style>\n\t<\/div>\n\t\n\n<a href=\"\/ingles\/contacto\/\" class=\"button primary is-outline is-large\" >\n\t\t<span>Contact us now<\/span>\n\t<\/a>\n\n\n\n              <\/div>\n           <\/div>\n                            \n<style>\n#text-box-465556641 {\n  width: 60%;\n}\n#text-box-465556641 .text-box-content {\n  font-size: 100%;\n}\n<\/style>\n    <\/div>\n \n\n        <\/div>\n      <\/div>\n\n            \n<style>\n#banner-895243454 {\n  padding-top: 75%;\n  background-color: rgb(255, 255, 255);\n}\n@media (min-width:550px) {\n  #banner-895243454 {\n    padding-top: 300px;\n  }\n}\n<\/style>\n  <\/div>","protected":false},"excerpt":{"rendered":"","protected":false},"author":1,"featured_media":0,"parent":14340,"menu_order":0,"comment_status":"closed","ping_status":"closed","template":"","meta":{"footnotes":""},"class_list":["post-14689","page","type-page","status-publish","hentry"],"yoast_head":"<!-- This site is optimized with the Yoast SEO plugin v27.3 - https:\/\/yoast.com\/product\/yoast-seo-wordpress\/ -->\n<title>Impuestos - Su declaraci\u00f3n de impuestos ser\u00e1 comprobada<\/title>\n<meta name=\"description\" content=\"La preparaci\u00f3n de su propia declaraci\u00f3n de impuestos puede ser una tarea que te deja con m\u00e1s preguntas que respuestas.\" \/>\n<meta name=\"robots\" content=\"index, follow, max-snippet:-1, max-image-preview:large, max-video-preview:-1\" \/>\n<link rel=\"canonical\" href=\"https:\/\/arkaprofessionals.com\/ingles\/servicios\/contabilidad\/impuestos\/\" \/>\n<meta property=\"og:locale\" content=\"en_US\" \/>\n<meta property=\"og:type\" content=\"article\" \/>\n<meta property=\"og:title\" content=\"Impuestos - Su declaraci\u00f3n de impuestos ser\u00e1 comprobada\" \/>\n<meta property=\"og:description\" content=\"La preparaci\u00f3n de su propia declaraci\u00f3n de impuestos puede ser una tarea que te deja con m\u00e1s preguntas que respuestas.\" \/>\n<meta property=\"og:url\" content=\"https:\/\/arkaprofessionals.com\/ingles\/servicios\/contabilidad\/impuestos\/\" \/>\n<meta property=\"og:site_name\" content=\"Arka Professionals Services\" \/>\n<meta property=\"article:modified_time\" content=\"2022-02-15T21:04:34+00:00\" \/>\n<meta name=\"twitter:card\" content=\"summary_large_image\" \/>\n<meta name=\"twitter:label1\" content=\"Est. reading time\" \/>\n\t<meta name=\"twitter:data1\" content=\"2 minutes\" \/>\n<!-- \/ Yoast SEO plugin. -->","yoast_head_json":{"title":"Impuestos - Su declaraci\u00f3n de impuestos ser\u00e1 comprobada","description":"Preparing your own tax return can be a task that leaves you with more questions than answers.","robots":{"index":"index","follow":"follow","max-snippet":"max-snippet:-1","max-image-preview":"max-image-preview:large","max-video-preview":"max-video-preview:-1"},"canonical":"https:\/\/arkaprofessionals.com\/ingles\/servicios\/contabilidad\/impuestos\/","og_locale":"en_US","og_type":"article","og_title":"Impuestos - Su declaraci\u00f3n de impuestos ser\u00e1 comprobada","og_description":"La preparaci\u00f3n de su propia declaraci\u00f3n de impuestos puede ser una tarea que te deja con m\u00e1s preguntas que respuestas.","og_url":"https:\/\/arkaprofessionals.com\/ingles\/servicios\/contabilidad\/impuestos\/","og_site_name":"Arka Professionals Services","article_modified_time":"2022-02-15T21:04:34+00:00","twitter_card":"summary_large_image","twitter_misc":{"Est. reading time":"2 minutes"},"schema":{"@context":"https:\/\/schema.org","@graph":[{"@type":"WebPage","@id":"https:\/\/arkaprofessionals.com\/servicios\/contabilidad\/impuestos\/","url":"https:\/\/arkaprofessionals.com\/servicios\/contabilidad\/impuestos\/","name":"Impuestos - Su declaraci\u00f3n de impuestos ser\u00e1 comprobada","isPartOf":{"@id":"https:\/\/arkaprofessionals.com\/#website"},"datePublished":"2021-08-20T18:19:12+00:00","dateModified":"2022-02-15T21:04:34+00:00","description":"Preparing your own tax return can be a task that leaves you with more questions than answers.","breadcrumb":{"@id":"https:\/\/arkaprofessionals.com\/servicios\/contabilidad\/impuestos\/#breadcrumb"},"inLanguage":"en-US","potentialAction":[{"@type":"ReadAction","target":["https:\/\/arkaprofessionals.com\/servicios\/contabilidad\/impuestos\/"]}]},{"@type":"BreadcrumbList","@id":"https:\/\/arkaprofessionals.com\/servicios\/contabilidad\/impuestos\/#breadcrumb","itemListElement":[{"@type":"ListItem","position":1,"name":"Portada","item":"https:\/\/arkaprofessionals.com\/"},{"@type":"ListItem","position":2,"name":"Servicios","item":"https:\/\/arkaprofessionals.com\/servicios\/"},{"@type":"ListItem","position":3,"name":"Contabilidad","item":"https:\/\/arkaprofessionals.com\/servicios\/contabilidad\/"},{"@type":"ListItem","position":4,"name":"Impuestos"}]},{"@type":"WebSite","@id":"https:\/\/arkaprofessionals.com\/#website","url":"https:\/\/arkaprofessionals.com\/","name":"Arka Professionals Services","description":"Servicios administrativos","publisher":{"@id":"https:\/\/arkaprofessionals.com\/#organization"},"potentialAction":[{"@type":"SearchAction","target":{"@type":"EntryPoint","urlTemplate":"https:\/\/arkaprofessionals.com\/?s={search_term_string}"},"query-input":{"@type":"PropertyValueSpecification","valueRequired":true,"valueName":"search_term_string"}}],"inLanguage":"en-US"},{"@type":"Organization","@id":"https:\/\/arkaprofessionals.com\/#organization","name":"Arka Professionals","url":"https:\/\/arkaprofessionals.com\/","logo":{"@type":"ImageObject","inLanguage":"en-US","@id":"https:\/\/arkaprofessionals.com\/#\/schema\/logo\/image\/","url":"https:\/\/arkaprofessionals.com\/wp-content\/uploads\/2022\/03\/logo_arka.png","contentUrl":"https:\/\/arkaprofessionals.com\/wp-content\/uploads\/2022\/03\/logo_arka.png","width":500,"height":370,"caption":"Arka Professionals"},"image":{"@id":"https:\/\/arkaprofessionals.com\/#\/schema\/logo\/image\/"}}]}},"_links":{"self":[{"href":"https:\/\/arkaprofessionals.com\/ingles\/wp-json\/wp\/v2\/pages\/14689","targetHints":{"allow":["GET"]}}],"collection":[{"href":"https:\/\/arkaprofessionals.com\/ingles\/wp-json\/wp\/v2\/pages"}],"about":[{"href":"https:\/\/arkaprofessionals.com\/ingles\/wp-json\/wp\/v2\/types\/page"}],"author":[{"embeddable":true,"href":"https:\/\/arkaprofessionals.com\/ingles\/wp-json\/wp\/v2\/users\/1"}],"replies":[{"embeddable":true,"href":"https:\/\/arkaprofessionals.com\/ingles\/wp-json\/wp\/v2\/comments?post=14689"}],"version-history":[{"count":5,"href":"https:\/\/arkaprofessionals.com\/ingles\/wp-json\/wp\/v2\/pages\/14689\/revisions"}],"predecessor-version":[{"id":14813,"href":"https:\/\/arkaprofessionals.com\/ingles\/wp-json\/wp\/v2\/pages\/14689\/revisions\/14813"}],"up":[{"embeddable":true,"href":"https:\/\/arkaprofessionals.com\/ingles\/wp-json\/wp\/v2\/pages\/14340"}],"wp:attachment":[{"href":"https:\/\/arkaprofessionals.com\/ingles\/wp-json\/wp\/v2\/media?parent=14689"}],"curies":[{"name":"wp","href":"https:\/\/api.w.org\/{rel}","templated":true}]}}