{"id":14691,"date":"2021-08-20T14:19:36","date_gmt":"2021-08-20T18:19:36","guid":{"rendered":"https:\/\/arkaprofessionals.com\/?page_id=14691"},"modified":"2022-02-15T17:06:05","modified_gmt":"2022-02-15T21:06:05","slug":"payroll","status":"publish","type":"page","link":"https:\/\/arkaprofessionals.com\/ingles\/servicios\/contabilidad\/payroll\/","title":{"rendered":"Payroll"},"content":{"rendered":"<div class=\"banner has-hover\" id=\"banner-238931160\">\n          <div class=\"banner-inner fill\">\n        <div class=\"banner-bg fill\" >\n            <img loading=\"lazy\" decoding=\"async\" width=\"1020\" height=\"680\" src=\"https:\/\/arkaprofessionals.com\/wp-content\/uploads\/2021\/08\/payroll-arka-cover-1024x683.jpeg\" class=\"bg attachment-large size-large\" alt=\"payroll-arka-cover\" \/>                        <div class=\"overlay\"><\/div>            \n                    <\/div>\n\t\t\n        <div class=\"banner-layers container\">\n            <div class=\"fill banner-link\"><\/div>            \n\n   <div id=\"text-box-353936416\" class=\"text-box banner-layer x5 md-x5 lg-x5 y50 md-y50 lg-y50 res-text\">\n                     <div data-animate=\"fadeInLeft\">           <div class=\"text-box-content text dark\">\n              \n              <div class=\"text-inner text-left\">\n                  \n\n<div class=\"is-divider divider clearfix\" style=\"margin-top:0px;margin-bottom:0px;background-color:rgb(172, 14, 35);\"><\/div>\n\n\t<div id=\"text-1972563184\" class=\"text\">\n\t\t\n\n<h2 class=\"uppercase\"><strong>PAYROLL<\/strong><\/h2>\n\t\t\n<style>\n#text-1972563184 {\n  line-height: 1;\n}\n<\/style>\n\t<\/div>\n\t\n\n              <\/div>\n           <\/div>\n       <\/div>                     \n<style>\n#text-box-353936416 {\n  width: 60%;\n}\n#text-box-353936416 .text-box-content {\n  font-size: 100%;\n}\n@media (min-width:550px) {\n  #text-box-353936416 {\n    width: 40%;\n  }\n}\n<\/style>\n    <\/div>\n \n\n        <\/div>\n      <\/div>\n\n            \n<style>\n#banner-238931160 {\n  padding-top: 400px;\n}\n#banner-238931160 .overlay {\n  background-color: rgba(0, 0, 0, 0.5);\n}\n<\/style>\n  <\/div>\n\n\n\n\t<section class=\"section\" id=\"section_220039288\">\n\t\t<div class=\"section-bg fill\" >\n\t\t\t\t\t\t\t\t\t\n\t\t\t\n\n\t\t<\/div>\n\n\t\t\n\n\t\t<div class=\"section-content relative\">\n\t\t\t\n\n\t<div id=\"gap-231188243\" class=\"gap-element clearfix\" style=\"display:block; height:auto;\">\n\t\t\n<style>\n#gap-231188243 {\n  padding-top: 50px;\n}\n<\/style>\n\t<\/div>\n\t\n\n<div class=\"row align-center\"  id=\"row-2060131906\">\n\n\n\t<div id=\"col-1270870028\" class=\"col medium-5 small-10 large-5\"  >\n\t\t\t\t<div class=\"col-inner\"  >\n\t\t\t\n\t\t\t\n\n\t<div id=\"text-1498105500\" class=\"text\">\n\t\t\n\n<p>Cuando se trata de pagar a los empleados, las leyes y el IRS han hecho que la funci\u00f3n de n\u00f3mina sea una pesadilla y mucho tiempo para el due\u00f1o de la peque\u00f1a empresa.<\/p>\n<p>Los propietarios de peque\u00f1os negocios pasan un promedio de ocho horas al mes en la realizaci\u00f3n de las funciones de n\u00f3mina. Eso es 12 d\u00edas completos al a\u00f1o, que podr\u00eda emplearse en la generaci\u00f3n de ventas, b\u00fasqueda de nuevas oportunidades de negocio, la mejora de productos o servicios, o brindar servicios a clientes.<\/p>\n<p>Ofrecemos soluciones de n\u00f3mina que satisfacen las necesidades de su negocio y le permiten pasar el tiempo haciendo lo que mejor sabe hacer \u2013 el funcionamiento de su empresa.<\/p>\n\t\t\n<style>\n#text-1498105500 {\n  color: rgb(0,0,0);\n}\n#text-1498105500 > * {\n  color: rgb(0,0,0);\n}\n<\/style>\n\t<\/div>\n\t\n\n\t\t<\/div>\n\t\t\t\t\n<style>\n#col-1270870028 > .col-inner {\n  padding: 0px 40px 0px 0px;\n}\n<\/style>\n\t<\/div>\n\n\t\n\n\t<div id=\"col-776240101\" class=\"col medium-7 small-10 large-7\"  >\n\t\t\t\t<div class=\"col-inner\"  >\n\t\t\t\n\t\t\t\n\n<div class=\"cmsmasters_column one_first\">\n<div class=\"cmsmasters_text\">\n<h2>Servicios integrales de n\u00f3mina<\/h2>\n<p><span style=\"font-size: 90%;\">Nuestro Servicio Integral de N\u00f3mina se hace cargo de todo el procesamiento de la n\u00f3mina para usted, as\u00ed que usted no tendr\u00e1 que hacerlo. Usted recibe \u2026<\/span><\/p>\n<ul>\n<li><span style=\"font-size: 90%;\">Su cheque de n\u00f3mina preparado e impreso a tiempo, cada vez-.<\/span><\/li>\n<li><span style=\"font-size: 90%;\">Todos sus cheques de n\u00f3mina de pago son con l\u00e1ser impresos en papel \u201cen blanco\u201d de verificaci\u00f3n para garantizar la m\u00e1xima seguridad y cumplir con los est\u00e1ndares de codificaci\u00f3n seg\u00fan lo establecido por el Sistema de Reserva Federal.<\/span><\/li>\n<li><span style=\"font-size: 90%;\">Los dep\u00f3sitos directos gratis.<\/span><\/li>\n<li><span style=\"font-size: 90%;\">Libre de preocupaciones del IRS y los informes de impuestos del Estado, as\u00ed como dep\u00f3sitos fiscales EFTPS.<\/span><\/li>\n<li><span style=\"font-size: 90%;\">F\u00e1cil de usar, y f\u00e1ciles de entender- los informes mensuales, las n\u00f3minas trimestrales y anuales de impuestos, incluyendo los W-2, W-3 y 1099.<\/span><\/li>\n<li><span style=\"font-size: 90%;\">Informes detallados de vacaciones de sus empleados, los d\u00edas de enfermedad, y las acumulaciones de d\u00edas personales.<\/span><\/li>\n<li><span style=\"font-size: 90%;\">Creaci\u00f3n y presentaci\u00f3n de los informes de nuevas contrataciones necesarias.<\/span><\/li>\n<li><span style=\"font-size: 90%;\">Los registros de n\u00f3mina se mantienen en la mejor forma.<\/span><\/li>\n<\/ul>\n<\/div>\n<\/div>\n\n\t\t<\/div>\n\t\t\t\t\t<\/div>\n\n\t\n\n\t<div id=\"col-929247635\" class=\"col medium-8 small-10 large-8\"  >\n\t\t\t\t<div class=\"col-inner\"  >\n\t\t\t\n\t\t\t\n\n<div class=\"text-center\"><div class=\"is-divider divider clearfix\" ><\/div><\/div>\n\n<div class=\"cmsmasters_column one_first\">\n<div class=\"cmsmasters_text\">\n<h2>\u00bfPor qu\u00e9 externalizar su n\u00f3mina?<\/h2>\n<ol>\n<li>\n<p><span style=\"font-size: 90%;\"><strong>Es rentable<br><\/strong>Utilice a su personal de manera m\u00e1s eficiente al permitir que nosotros nos encarguemos de la n\u00f3mina y los detalles legales correspondientes. Reducir los gastos generales mediante la eliminaci\u00f3n de la necesidad de contratar empleados especializados.<\/span><\/p>\n<\/li>\n<li>\n<p><span style=\"font-size: 90%;\"><strong>Se trata de un ahorro de tiempo<br><\/strong>Nuestro servicio de n\u00f3mina&nbsp; elimina la carga de la personalizaci\u00f3n, actualizaci\u00f3n y mantenimiento de su sistema de n\u00f3mina propia \u2013 no hay ninguna entrada de datos m\u00e1s, no hay actualizaciones m\u00e1s recursos a investigar o nuevas leyes, no se preocupe m\u00e1s.<\/span><\/p>\n<\/li>\n<li>\n<p><span style=\"font-size: 90%;\"><strong>Presentaci\u00f3n de impuestos de n\u00f3mina<br><\/strong>Eliminar los riesgos de c\u00e1lculo y la presentaci\u00f3n de sus propios impuestos sobre la n\u00f3mina por haber profesionales que lo haga por usted. Leyes de Impuestos Federales, estatales y locales de n\u00f3mina cambian con frecuencia y cada vez m\u00e1s complejo. \u00bfCu\u00e1nto tiempo usted desea pasar en el aprendizaje de todas las reglas y mantener su informaci\u00f3n al d\u00eda?<\/span><\/p>\n<\/li>\n<li>\n<p><span style=\"font-size: 90%;\"><strong>Le permite centrarse en las competencias b\u00e1sicas<br><\/strong>Nuestro equipo de profesionales le permiten centrarse en las competencias b\u00e1sicas de su negocio. Somos profesionales de la contabilidad \u2013 se obtiene de los expertos que trabajan para usted y con usted.<\/span><\/p>\n<\/li>\n<li>\n<p><span style=\"font-size: 90%;\"><strong>Informes completos<br><\/strong>Usted consigue una amplia variedad de informes de n\u00f3mina f\u00e1cil y precisa. Por una tarifa nominal, que incluir\u00e1 los informes de los sindicatos, la n\u00f3mina certificada, informes de compensaci\u00f3n al trabajador y mucho m\u00e1s.<\/span><\/p>\n<\/li>\n<\/ol>\n<\/div>\n<\/div>\n\n\t\t<\/div>\n\t\t\t\t\t<\/div>\n\n\t\n\n<\/div>\n\n\t\t<\/div>\n\n\t\t\n<style>\n#section_220039288 {\n  padding-top: 20px;\n  padding-bottom: 20px;\n}\n<\/style>\n\t<\/section>\n\t\n\n  <div class=\"banner has-hover\" id=\"banner-2107492580\">\n          <div class=\"banner-inner fill\">\n        <div class=\"banner-bg fill\" >\n                                                \n                    <\/div>\n\t\t\n        <div class=\"banner-layers container\">\n            <div class=\"fill banner-link\"><\/div>            \n\n   <div id=\"text-box-157740086\" class=\"text-box banner-layer x50 md-x50 lg-x50 y20 md-y50 lg-y50 res-text\">\n                                <div class=\"text-box-content text\">\n              \n              <div class=\"text-inner text-center\">\n                  \n\n\t<div id=\"gap-2127610521\" class=\"gap-element clearfix\" style=\"display:block; height:auto;\">\n\t\t\n<style>\n#gap-2127610521 {\n  padding-top: 10px;\n}\n<\/style>\n\t<\/div>\n\t\n\n<h3>You are seeking <strong>administrative guidance for your company<\/strong><\/h3>\n\t<div id=\"gap-1044037612\" class=\"gap-element clearfix\" style=\"display:block; height:auto;\">\n\t\t\n<style>\n#gap-1044037612 {\n  padding-top: 10px;\n}\n<\/style>\n\t<\/div>\n\t\n\n<a href=\"\/ingles\/contacto\/\" class=\"button primary is-outline is-large\" >\n\t\t<span>Contact us now<\/span>\n\t<\/a>\n\n\n\n              <\/div>\n           <\/div>\n                            \n<style>\n#text-box-157740086 {\n  width: 60%;\n}\n#text-box-157740086 .text-box-content {\n  font-size: 100%;\n}\n<\/style>\n    <\/div>\n \n\n        <\/div>\n      <\/div>\n\n            \n<style>\n#banner-2107492580 {\n  padding-top: 75%;\n  background-color: rgb(255, 255, 255);\n}\n@media (min-width:550px) {\n  #banner-2107492580 {\n    padding-top: 300px;\n  }\n}\n<\/style>\n  <\/div>","protected":false},"excerpt":{"rendered":"","protected":false},"author":1,"featured_media":0,"parent":14340,"menu_order":2,"comment_status":"closed","ping_status":"closed","template":"","meta":{"footnotes":""},"class_list":["post-14691","page","type-page","status-publish","hentry"],"yoast_head":"<!-- This site is optimized with the Yoast SEO plugin v27.3 - https:\/\/yoast.com\/product\/yoast-seo-wordpress\/ -->\n<title>Servicios Integrales de N\u00f3mina - Payroll<\/title>\n<meta name=\"description\" content=\"Nuestro Servicio Integral de N\u00f3mina se hace cargo de todo el procesamiento de la n\u00f3mina para usted, as\u00ed que usted no tendr\u00e1 que hacerlo.\" \/>\n<meta name=\"robots\" content=\"index, follow, max-snippet:-1, max-image-preview:large, max-video-preview:-1\" \/>\n<link rel=\"canonical\" href=\"https:\/\/arkaprofessionals.com\/ingles\/servicios\/contabilidad\/payroll\/\" \/>\n<meta property=\"og:locale\" content=\"en_US\" \/>\n<meta property=\"og:type\" content=\"article\" \/>\n<meta property=\"og:title\" content=\"Servicios Integrales de N\u00f3mina - Payroll\" \/>\n<meta property=\"og:description\" content=\"Nuestro Servicio Integral de N\u00f3mina se hace cargo de todo el procesamiento de la n\u00f3mina para usted, as\u00ed que usted no tendr\u00e1 que hacerlo.\" \/>\n<meta property=\"og:url\" content=\"https:\/\/arkaprofessionals.com\/ingles\/servicios\/contabilidad\/payroll\/\" \/>\n<meta property=\"og:site_name\" content=\"Arka Professionals Services\" \/>\n<meta property=\"article:modified_time\" content=\"2022-02-15T21:06:05+00:00\" \/>\n<meta name=\"twitter:card\" content=\"summary_large_image\" \/>\n<meta name=\"twitter:label1\" content=\"Est. reading time\" \/>\n\t<meta name=\"twitter:data1\" content=\"3 minutes\" \/>\n<!-- \/ Yoast SEO plugin. -->","yoast_head_json":{"title":"Servicios Integrales de N\u00f3mina - Payroll","description":"Nuestro Servicio Integral de N\u00f3mina se hace cargo de todo el procesamiento de la n\u00f3mina para usted, as\u00ed que usted no tendr\u00e1 que hacerlo.","robots":{"index":"index","follow":"follow","max-snippet":"max-snippet:-1","max-image-preview":"max-image-preview:large","max-video-preview":"max-video-preview:-1"},"canonical":"https:\/\/arkaprofessionals.com\/ingles\/servicios\/contabilidad\/payroll\/","og_locale":"en_US","og_type":"article","og_title":"Servicios Integrales de N\u00f3mina - Payroll","og_description":"Nuestro Servicio Integral de N\u00f3mina se hace cargo de todo el procesamiento de la n\u00f3mina para usted, as\u00ed que usted no tendr\u00e1 que hacerlo.","og_url":"https:\/\/arkaprofessionals.com\/ingles\/servicios\/contabilidad\/payroll\/","og_site_name":"Arka Professionals Services","article_modified_time":"2022-02-15T21:06:05+00:00","twitter_card":"summary_large_image","twitter_misc":{"Est. reading time":"3 minutes"},"schema":{"@context":"https:\/\/schema.org","@graph":[{"@type":"WebPage","@id":"https:\/\/arkaprofessionals.com\/servicios\/contabilidad\/payroll\/","url":"https:\/\/arkaprofessionals.com\/servicios\/contabilidad\/payroll\/","name":"Servicios Integrales de N\u00f3mina - Payroll","isPartOf":{"@id":"https:\/\/arkaprofessionals.com\/#website"},"datePublished":"2021-08-20T18:19:36+00:00","dateModified":"2022-02-15T21:06:05+00:00","description":"Nuestro Servicio Integral de N\u00f3mina se hace cargo de todo el procesamiento de la n\u00f3mina para usted, as\u00ed que usted no tendr\u00e1 que hacerlo.","breadcrumb":{"@id":"https:\/\/arkaprofessionals.com\/servicios\/contabilidad\/payroll\/#breadcrumb"},"inLanguage":"en-US","potentialAction":[{"@type":"ReadAction","target":["https:\/\/arkaprofessionals.com\/servicios\/contabilidad\/payroll\/"]}]},{"@type":"BreadcrumbList","@id":"https:\/\/arkaprofessionals.com\/servicios\/contabilidad\/payroll\/#breadcrumb","itemListElement":[{"@type":"ListItem","position":1,"name":"Portada","item":"https:\/\/arkaprofessionals.com\/"},{"@type":"ListItem","position":2,"name":"Servicios","item":"https:\/\/arkaprofessionals.com\/servicios\/"},{"@type":"ListItem","position":3,"name":"Contabilidad","item":"https:\/\/arkaprofessionals.com\/servicios\/contabilidad\/"},{"@type":"ListItem","position":4,"name":"Payroll"}]},{"@type":"WebSite","@id":"https:\/\/arkaprofessionals.com\/#website","url":"https:\/\/arkaprofessionals.com\/","name":"Arka Professionals Services","description":"Servicios administrativos","publisher":{"@id":"https:\/\/arkaprofessionals.com\/#organization"},"potentialAction":[{"@type":"SearchAction","target":{"@type":"EntryPoint","urlTemplate":"https:\/\/arkaprofessionals.com\/?s={search_term_string}"},"query-input":{"@type":"PropertyValueSpecification","valueRequired":true,"valueName":"search_term_string"}}],"inLanguage":"en-US"},{"@type":"Organization","@id":"https:\/\/arkaprofessionals.com\/#organization","name":"Arka Professionals","url":"https:\/\/arkaprofessionals.com\/","logo":{"@type":"ImageObject","inLanguage":"en-US","@id":"https:\/\/arkaprofessionals.com\/#\/schema\/logo\/image\/","url":"https:\/\/arkaprofessionals.com\/wp-content\/uploads\/2022\/03\/logo_arka.png","contentUrl":"https:\/\/arkaprofessionals.com\/wp-content\/uploads\/2022\/03\/logo_arka.png","width":500,"height":370,"caption":"Arka Professionals"},"image":{"@id":"https:\/\/arkaprofessionals.com\/#\/schema\/logo\/image\/"}}]}},"_links":{"self":[{"href":"https:\/\/arkaprofessionals.com\/ingles\/wp-json\/wp\/v2\/pages\/14691","targetHints":{"allow":["GET"]}}],"collection":[{"href":"https:\/\/arkaprofessionals.com\/ingles\/wp-json\/wp\/v2\/pages"}],"about":[{"href":"https:\/\/arkaprofessionals.com\/ingles\/wp-json\/wp\/v2\/types\/page"}],"author":[{"embeddable":true,"href":"https:\/\/arkaprofessionals.com\/ingles\/wp-json\/wp\/v2\/users\/1"}],"replies":[{"embeddable":true,"href":"https:\/\/arkaprofessionals.com\/ingles\/wp-json\/wp\/v2\/comments?post=14691"}],"version-history":[{"count":6,"href":"https:\/\/arkaprofessionals.com\/ingles\/wp-json\/wp\/v2\/pages\/14691\/revisions"}],"predecessor-version":[{"id":14814,"href":"https:\/\/arkaprofessionals.com\/ingles\/wp-json\/wp\/v2\/pages\/14691\/revisions\/14814"}],"up":[{"embeddable":true,"href":"https:\/\/arkaprofessionals.com\/ingles\/wp-json\/wp\/v2\/pages\/14340"}],"wp:attachment":[{"href":"https:\/\/arkaprofessionals.com\/ingles\/wp-json\/wp\/v2\/media?parent=14691"}],"curies":[{"name":"wp","href":"https:\/\/api.w.org\/{rel}","templated":true}]}}