{"id":14705,"date":"2021-08-20T16:45:37","date_gmt":"2021-08-20T20:45:37","guid":{"rendered":"https:\/\/arkaprofessionals.com\/?page_id=14705"},"modified":"2022-02-15T17:19:36","modified_gmt":"2022-02-15T21:19:36","slug":"servicios-tecnologicos","status":"publish","type":"page","link":"https:\/\/arkaprofessionals.com\/ingles\/servicios\/consultoria-empresarial\/servicios-tecnologicos\/","title":{"rendered":"TECHNOLOGY SERVICES"},"content":{"rendered":"<div class=\"banner has-hover\" id=\"banner-868967387\">\n          <div class=\"banner-inner fill\">\n        <div class=\"banner-bg fill\" >\n            <img loading=\"lazy\" decoding=\"async\" width=\"1020\" height=\"417\" src=\"https:\/\/arkaprofessionals.com\/wp-content\/uploads\/2021\/08\/cover-arka-servicios-tecnologi\u0301a-min-1024x419.jpeg\" class=\"bg attachment-large size-large\" alt=\"cover arka servicios tecnologi\u0301a-min\" \/>                        <div class=\"overlay\"><\/div>            \n                    <\/div>\n\t\t\n        <div class=\"banner-layers container\">\n            <div class=\"fill banner-link\"><\/div>            \n\n   <div id=\"text-box-370930625\" class=\"text-box banner-layer x5 md-x5 lg-x5 y50 md-y50 lg-y50 res-text\">\n                     <div data-animate=\"fadeInLeft\">           <div class=\"text-box-content text dark\">\n              \n              <div class=\"text-inner text-left\">\n                  \n\n<div class=\"is-divider divider clearfix\" style=\"margin-top:0px;margin-bottom:0px;background-color:rgb(172, 14, 35);\"><\/div>\n\n\t<div id=\"text-1386445972\" class=\"text\">\n\t\t\n\n<h2 class=\"uppercase\"><strong>TECHNOLOGY SERVICES<\/strong><\/h2>\n\t\t\n<style>\n#text-1386445972 {\n  line-height: 1;\n}\n<\/style>\n\t<\/div>\n\t\n\n              <\/div>\n           <\/div>\n       <\/div>                     \n<style>\n#text-box-370930625 {\n  width: 60%;\n}\n#text-box-370930625 .text-box-content {\n  font-size: 100%;\n}\n@media (min-width:550px) {\n  #text-box-370930625 {\n    width: 40%;\n  }\n}\n<\/style>\n    <\/div>\n \n\n        <\/div>\n      <\/div>\n\n            \n<style>\n#banner-868967387 {\n  padding-top: 400px;\n}\n#banner-868967387 .overlay {\n  background-color: rgba(0, 0, 0, 0.5);\n}\n<\/style>\n  <\/div>\n\n\n\n\t<section class=\"section\" id=\"section_600874774\">\n\t\t<div class=\"section-bg fill\" >\n\t\t\t\t\t\t\t\t\t\n\t\t\t\n\n\t\t<\/div>\n\n\t\t\n\n\t\t<div class=\"section-content relative\">\n\t\t\t\n\n\t<div id=\"gap-2031802380\" class=\"gap-element clearfix\" style=\"display:block; height:auto;\">\n\t\t\n<style>\n#gap-2031802380 {\n  padding-top: 50px;\n}\n<\/style>\n\t<\/div>\n\t\n\n<div class=\"row align-center\"  id=\"row-1222523554\">\n\n\n\t<div id=\"col-1419161805\" class=\"col medium-6 small-10 large-6\"  >\n\t\t\t\t<div class=\"col-inner\"  >\n\t\t\t\n\t\t\t\n\n<h2>Reparaci\u00f3n de Desktops y Laptops<\/h2>\n<ul>\n<li><span style=\"font-size: 90%;\">Reparamos y damos mantenimiento a todo tipo de marcas de computadoras como Sony, Dell, Toshiba, HP, Gateway, y Acer incluyendo clonadas. <\/span><\/li>\n<li class=\"cmsmasters_icon_list_item cmsmasters-icon-custom-heart\"><span style=\"font-size: 90%;\">Renovaci\u00f3n de sistemas y partes<\/span><\/li>\n<li class=\"cmsmasters_icon_list_item cmsmasters-icon-custom-heart\"><span style=\"font-size: 90%;\">Limpieza de Virus y Spyware<\/span><\/li>\n<li class=\"cmsmasters_icon_list_item cmsmasters-icon-custom-heart\"><span style=\"font-size: 90%;\">Instalaci\u00f3n de Programas<\/span><\/li>\n<li class=\"cmsmasters_icon_list_item cmsmasters-icon-custom-heart\"><span style=\"font-size: 90%;\">Recuperaci\u00f3n de datos<\/span><\/li>\n<li class=\"cmsmasters_icon_list_item cmsmasters-icon-custom-heart\"><span style=\"font-size: 90%;\">Soporte remotamente o en el sitio<\/span><\/li>\n<\/ul>\n\n\t\t<\/div>\n\t\t\t\t\t<\/div>\n\n\t\n\n\t<div id=\"col-234767593\" class=\"col medium-6 small-10 large-6\"  >\n\t\t\t\t<div class=\"col-inner\"  >\n\t\t\t\n\t\t\t\n\n<h2><strong>Network\/Redes<\/strong><\/h2>\n<ul>\n<li><span style=\"font-size: 90%;\">Arka puede dise\u00f1ar, implementar y mantener la red de su negocio.<\/span><\/li>\n<li><span style=\"font-size: 90%;\">Mantenimiento de sistema<\/span><\/li>\n<li><span style=\"font-size: 90%;\">Plan de protecci\u00f3n de Virus<\/span><\/li>\n<li><span style=\"font-size: 90%;\">Instalaci\u00f3n y mantenimiento de Hardware (hub, router)<\/span><\/li>\n<li><span style=\"font-size: 90%;\">Instalaci\u00f3n y mantenimiento de nuevos programas<\/span><\/li>\n<li><span style=\"font-size: 90%;\">Servicios de administraci\u00f3n de redes<\/span><\/li>\n<li><span style=\"font-size: 90%;\">Mantenimiento y planeamiento de recuperaci\u00f3n de informaci\u00f3n<\/span><\/li>\n<li><span style=\"font-size: 90%;\">An\u00e1lisis e implementaci\u00f3n de servidor de correo electr\u00f3nico<\/span><\/li>\n<\/ul>\n\n\t\t<\/div>\n\t\t\t\t\t<\/div>\n\n\t\n\n<\/div>\n\n\t\t<\/div>\n\n\t\t\n<style>\n#section_600874774 {\n  padding-top: 20px;\n  padding-bottom: 20px;\n}\n<\/style>\n\t<\/section>\n\t\n\n\t<section class=\"section dark\" id=\"section_333899869\">\n\t\t<div class=\"section-bg fill\" >\n\t\t\t\t\t\t\t\t\t\n\t\t\t\n\n\t\t<\/div>\n\n\t\t\n\n\t\t<div class=\"section-content relative\">\n\t\t\t\n\n\t<div id=\"gap-1785630630\" class=\"gap-element clearfix\" style=\"display:block; height:auto;\">\n\t\t\n<style>\n#gap-1785630630 {\n  padding-top: 20px;\n}\n<\/style>\n\t<\/div>\n\t\n\n<h2 style=\"text-align: center;\"><span style=\"font-size: 110%;\">NUESTROS PRODUCTOS<\/span><\/h2>\n\t<div id=\"gap-896086403\" class=\"gap-element clearfix\" style=\"display:block; height:auto;\">\n\t\t\n<style>\n#gap-896086403 {\n  padding-top: 30px;\n}\n<\/style>\n\t<\/div>\n\t\n\n<div class=\"row row-large align-center\"  id=\"row-414604085\">\n\n\n\t<div id=\"col-116472164\" class=\"col medium-3 small-12 large-3\"  >\n\t\t\t\t<div class=\"col-inner text-center\"  >\n\t\t\t\n\t\t\t\n\n\n  <div class=\"banner has-hover\" id=\"banner-368521594\">\n          <div class=\"banner-inner fill\">\n        <div class=\"banner-bg fill\" >\n            <img loading=\"lazy\" decoding=\"async\" width=\"1020\" height=\"765\" src=\"https:\/\/arkaprofessionals.com\/wp-content\/uploads\/2021\/08\/arka-servicios-tecnicos-1-software-min.jpeg\" class=\"bg attachment-large size-large\" alt=\"arka-servicios-tecnicos-1-software-min\" \/>                                    \n\t<div class=\"is-border\"\n\t\tstyle=\"border-width:0px 0px 0px 0px;\">\n\t<\/div>\n                    <\/div>\n\t\t\n        <div class=\"banner-layers container\">\n            <div class=\"fill banner-link\"><\/div>            \n\n   <div id=\"text-box-618750246\" class=\"text-box banner-layer x20 md-x20 lg-x20 y100 md-y100 lg-y100 res-text\">\n                                <div class=\"text-box-content text\">\n              \n              <div class=\"text-inner text-center\">\n                  \n\n\n              <\/div>\n           <\/div>\n                            \n<style>\n#text-box-618750246 {\n  width: 60%;\n}\n#text-box-618750246 .text-box-content {\n  font-size: 100%;\n}\n<\/style>\n    <\/div>\n \n\n        <\/div>\n      <\/div>\n\n            \n<style>\n#banner-368521594 {\n  padding-top: 99.99%;\n}\n<\/style>\n  <\/div>\n\n\n\t<div id=\"gap-824721905\" class=\"gap-element clearfix\" style=\"display:block; height:auto;\">\n\t\t\n<style>\n#gap-824721905 {\n  padding-top: 19px;\n}\n<\/style>\n\t<\/div>\n\t\n\n<p class=\"uppercase\"><span style=\"font-size: 100%;\"><strong> Software <\/strong><\/span><\/p>\n<p><span style=\"font-size: 90%;\">Limpieza de Virus y Spyware en tiempo r\u00e9cord.<\/span><\/p>\n\n\t\t<\/div>\n\t\t\t\t\t<\/div>\n\n\t\n\n\t<div id=\"col-918126251\" class=\"col medium-3 small-12 large-3\"  >\n\t\t\t\t<div class=\"col-inner text-center\"  >\n\t\t\t\n\t\t\t\n\n\n  <div class=\"banner has-hover\" id=\"banner-1901444511\">\n          <div class=\"banner-inner fill\">\n        <div class=\"banner-bg fill\" >\n            <img loading=\"lazy\" decoding=\"async\" width=\"1020\" height=\"765\" src=\"https:\/\/arkaprofessionals.com\/wp-content\/uploads\/2021\/08\/arka-servicios-tecnicos-2-hardware-min.jpeg\" class=\"bg attachment-large size-large\" alt=\"arka-servicios-tecnicos-2-hardware-min\" \/>                                    \n\t<div class=\"is-border\"\n\t\tstyle=\"border-width:0px 0px 0px 0px;\">\n\t<\/div>\n                    <\/div>\n\t\t\n        <div class=\"banner-layers container\">\n            <div class=\"fill banner-link\"><\/div>            \n\n   <div id=\"text-box-550048295\" class=\"text-box banner-layer x20 md-x20 lg-x20 y100 md-y100 lg-y100 res-text\">\n                                <div class=\"text-box-content text\">\n              \n              <div class=\"text-inner text-center\">\n                  \n\n\n              <\/div>\n           <\/div>\n                            \n<style>\n#text-box-550048295 {\n  width: 60%;\n}\n#text-box-550048295 .text-box-content {\n  font-size: 100%;\n}\n<\/style>\n    <\/div>\n \n\n        <\/div>\n      <\/div>\n\n            \n<style>\n#banner-1901444511 {\n  padding-top: 99.99%;\n}\n<\/style>\n  <\/div>\n\n\n\t<div id=\"gap-1930998230\" class=\"gap-element clearfix\" style=\"display:block; height:auto;\">\n\t\t\n<style>\n#gap-1930998230 {\n  padding-top: 19px;\n}\n<\/style>\n\t<\/div>\n\t\n\n<p class=\"uppercase\"><span style=\"font-size: 100%;\"><strong> Hardware <\/strong><\/span><\/p>\n<p><span style=\"font-size: 90%;\">Servicio T\u00e9cnico a nivel general.<\/span><\/p>\n\n\t\t<\/div>\n\t\t\t\t\t<\/div>\n\n\t\n\n\t<div id=\"col-1542487716\" class=\"col medium-3 small-12 large-3\"  >\n\t\t\t\t<div class=\"col-inner text-center\"  >\n\t\t\t\n\t\t\t\n\n\n  <div class=\"banner has-hover\" id=\"banner-58735003\">\n          <div class=\"banner-inner fill\">\n        <div class=\"banner-bg fill\" >\n            <img loading=\"lazy\" decoding=\"async\" width=\"1020\" height=\"765\" src=\"https:\/\/arkaprofessionals.com\/wp-content\/uploads\/2021\/08\/arka-servicios-tecnicos-3-database-min.jpeg\" class=\"bg attachment-large size-large\" alt=\"arka-servicios-tecnicos-3-database-min\" \/>                                    \n\t<div class=\"is-border\"\n\t\tstyle=\"border-width:0px 0px 0px 0px;\">\n\t<\/div>\n                    <\/div>\n\t\t\n        <div class=\"banner-layers container\">\n            <div class=\"fill banner-link\"><\/div>            \n\n   <div id=\"text-box-1098990376\" class=\"text-box banner-layer x20 md-x20 lg-x20 y100 md-y100 lg-y100 res-text\">\n                                <div class=\"text-box-content text\">\n              \n              <div class=\"text-inner text-center\">\n                  \n\n\n              <\/div>\n           <\/div>\n                            \n<style>\n#text-box-1098990376 {\n  width: 60%;\n}\n#text-box-1098990376 .text-box-content {\n  font-size: 100%;\n}\n<\/style>\n    <\/div>\n \n\n        <\/div>\n      <\/div>\n\n            \n<style>\n#banner-58735003 {\n  padding-top: 99.99%;\n}\n<\/style>\n  <\/div>\n\n\n\t<div id=\"gap-934321952\" class=\"gap-element clearfix\" style=\"display:block; height:auto;\">\n\t\t\n<style>\n#gap-934321952 {\n  padding-top: 19px;\n}\n<\/style>\n\t<\/div>\n\t\n\n<p class=\"uppercase\"><span style=\"font-size: 100%;\"><strong> Base de Datos<\/strong><\/span><\/p>\n<p><span style=\"font-size: 90%;\">Network\/Redes, resguardo y mantenimiento.<\/span><\/p>\n\n\t\t<\/div>\n\t\t\t\t\t<\/div>\n\n\t\n\n<\/div>\n\n\t\t<\/div>\n\n\t\t\n<style>\n#section_333899869 {\n  padding-top: 20px;\n  padding-bottom: 20px;\n  background-color: rgb(51, 51, 51);\n}\n<\/style>\n\t<\/section>\n\t\n\n  <div class=\"banner has-hover\" id=\"banner-511402638\">\n          <div class=\"banner-inner fill\">\n        <div class=\"banner-bg fill\" >\n                                                \n                    <\/div>\n\t\t\n        <div class=\"banner-layers container\">\n            <div class=\"fill banner-link\"><\/div>            \n\n   <div id=\"text-box-101223498\" class=\"text-box banner-layer x50 md-x50 lg-x50 y20 md-y50 lg-y50 res-text\">\n                                <div class=\"text-box-content text\">\n              \n              <div class=\"text-inner text-center\">\n                  \n\n\t<div id=\"gap-1258866403\" class=\"gap-element clearfix\" style=\"display:block; height:auto;\">\n\t\t\n<style>\n#gap-1258866403 {\n  padding-top: 10px;\n}\n<\/style>\n\t<\/div>\n\t\n\n<h3>You are seeking <strong>administrative guidance for your company<\/strong><\/h3>\n\t<div id=\"gap-1078450822\" class=\"gap-element clearfix\" style=\"display:block; height:auto;\">\n\t\t\n<style>\n#gap-1078450822 {\n  padding-top: 10px;\n}\n<\/style>\n\t<\/div>\n\t\n\n<a href=\"\/ingles\/contacto\/\" class=\"button primary is-outline is-large\" >\n\t\t<span>Contact us now<\/span>\n\t<\/a>\n\n\n\n              <\/div>\n           <\/div>\n                            \n<style>\n#text-box-101223498 {\n  width: 60%;\n}\n#text-box-101223498 .text-box-content {\n  font-size: 100%;\n}\n<\/style>\n    <\/div>\n \n\n        <\/div>\n      <\/div>\n\n            \n<style>\n#banner-511402638 {\n  padding-top: 75%;\n  background-color: rgb(255, 255, 255);\n}\n@media (min-width:550px) {\n  #banner-511402638 {\n    padding-top: 300px;\n  }\n}\n<\/style>\n  <\/div>","protected":false},"excerpt":{"rendered":"","protected":false},"author":1,"featured_media":0,"parent":14342,"menu_order":4,"comment_status":"closed","ping_status":"closed","template":"","meta":{"footnotes":""},"class_list":["post-14705","page","type-page","status-publish","hentry"],"yoast_head":"<!-- This site is optimized with the Yoast SEO plugin v27.3 - https:\/\/yoast.com\/product\/yoast-seo-wordpress\/ -->\n<title>SERVICIOS TECNOL\u00d3GICOS - Reparaci\u00f3n de desktops\/laptops y mas<\/title>\n<meta name=\"description\" content=\"Reparaci\u00f3n de Desktops y Laptops, Network\/Redes, Arka puede dise\u00f1ar, implementar y mantener la red de su negocio.\" \/>\n<meta name=\"robots\" content=\"index, follow, max-snippet:-1, max-image-preview:large, max-video-preview:-1\" \/>\n<link rel=\"canonical\" href=\"https:\/\/arkaprofessionals.com\/ingles\/servicios\/consultoria-empresarial\/servicios-tecnologicos\/\" \/>\n<meta property=\"og:locale\" content=\"en_US\" \/>\n<meta property=\"og:type\" content=\"article\" \/>\n<meta property=\"og:title\" content=\"SERVICIOS TECNOL\u00d3GICOS - Reparaci\u00f3n de desktops\/laptops y mas\" \/>\n<meta property=\"og:description\" content=\"Reparaci\u00f3n de Desktops y Laptops, Network\/Redes, Arka puede dise\u00f1ar, implementar y mantener la red de su negocio.\" \/>\n<meta property=\"og:url\" content=\"https:\/\/arkaprofessionals.com\/ingles\/servicios\/consultoria-empresarial\/servicios-tecnologicos\/\" \/>\n<meta property=\"og:site_name\" content=\"Arka Professionals Services\" \/>\n<meta property=\"article:modified_time\" content=\"2022-02-15T21:19:36+00:00\" \/>\n<meta name=\"twitter:card\" content=\"summary_large_image\" \/>\n<meta name=\"twitter:label1\" content=\"Est. reading time\" \/>\n\t<meta name=\"twitter:data1\" content=\"2 minutes\" \/>\n<!-- \/ Yoast SEO plugin. -->","yoast_head_json":{"title":"SERVICIOS TECNOL\u00d3GICOS - Reparaci\u00f3n de desktops\/laptops y mas","description":"Reparaci\u00f3n de Desktops y Laptops, Network\/Redes, Arka puede dise\u00f1ar, implementar y mantener la red de su negocio.","robots":{"index":"index","follow":"follow","max-snippet":"max-snippet:-1","max-image-preview":"max-image-preview:large","max-video-preview":"max-video-preview:-1"},"canonical":"https:\/\/arkaprofessionals.com\/ingles\/servicios\/consultoria-empresarial\/servicios-tecnologicos\/","og_locale":"en_US","og_type":"article","og_title":"SERVICIOS TECNOL\u00d3GICOS - Reparaci\u00f3n de desktops\/laptops y mas","og_description":"Reparaci\u00f3n de Desktops y Laptops, Network\/Redes, Arka puede dise\u00f1ar, implementar y mantener la red de su negocio.","og_url":"https:\/\/arkaprofessionals.com\/ingles\/servicios\/consultoria-empresarial\/servicios-tecnologicos\/","og_site_name":"Arka Professionals Services","article_modified_time":"2022-02-15T21:19:36+00:00","twitter_card":"summary_large_image","twitter_misc":{"Est. reading time":"2 minutes"},"schema":{"@context":"https:\/\/schema.org","@graph":[{"@type":"WebPage","@id":"https:\/\/arkaprofessionals.com\/servicios\/consultoria-empresarial\/servicios-tecnologicos\/","url":"https:\/\/arkaprofessionals.com\/servicios\/consultoria-empresarial\/servicios-tecnologicos\/","name":"SERVICIOS TECNOL\u00d3GICOS - Reparaci\u00f3n de desktops\/laptops y mas","isPartOf":{"@id":"https:\/\/arkaprofessionals.com\/#website"},"datePublished":"2021-08-20T20:45:37+00:00","dateModified":"2022-02-15T21:19:36+00:00","description":"Reparaci\u00f3n de Desktops y Laptops, Network\/Redes, Arka puede dise\u00f1ar, implementar y mantener la red de su negocio.","breadcrumb":{"@id":"https:\/\/arkaprofessionals.com\/servicios\/consultoria-empresarial\/servicios-tecnologicos\/#breadcrumb"},"inLanguage":"en-US","potentialAction":[{"@type":"ReadAction","target":["https:\/\/arkaprofessionals.com\/servicios\/consultoria-empresarial\/servicios-tecnologicos\/"]}]},{"@type":"BreadcrumbList","@id":"https:\/\/arkaprofessionals.com\/servicios\/consultoria-empresarial\/servicios-tecnologicos\/#breadcrumb","itemListElement":[{"@type":"ListItem","position":1,"name":"Portada","item":"https:\/\/arkaprofessionals.com\/"},{"@type":"ListItem","position":2,"name":"Servicios","item":"https:\/\/arkaprofessionals.com\/servicios\/"},{"@type":"ListItem","position":3,"name":"Consultor\u00eda empresarial","item":"https:\/\/arkaprofessionals.com\/servicios\/consultoria-empresarial\/"},{"@type":"ListItem","position":4,"name":"SERVICIOS TECNOL\u00d3GICOS"}]},{"@type":"WebSite","@id":"https:\/\/arkaprofessionals.com\/#website","url":"https:\/\/arkaprofessionals.com\/","name":"Arka Professionals Services","description":"Servicios administrativos","publisher":{"@id":"https:\/\/arkaprofessionals.com\/#organization"},"potentialAction":[{"@type":"SearchAction","target":{"@type":"EntryPoint","urlTemplate":"https:\/\/arkaprofessionals.com\/?s={search_term_string}"},"query-input":{"@type":"PropertyValueSpecification","valueRequired":true,"valueName":"search_term_string"}}],"inLanguage":"en-US"},{"@type":"Organization","@id":"https:\/\/arkaprofessionals.com\/#organization","name":"Arka Professionals","url":"https:\/\/arkaprofessionals.com\/","logo":{"@type":"ImageObject","inLanguage":"en-US","@id":"https:\/\/arkaprofessionals.com\/#\/schema\/logo\/image\/","url":"https:\/\/arkaprofessionals.com\/wp-content\/uploads\/2022\/03\/logo_arka.png","contentUrl":"https:\/\/arkaprofessionals.com\/wp-content\/uploads\/2022\/03\/logo_arka.png","width":500,"height":370,"caption":"Arka Professionals"},"image":{"@id":"https:\/\/arkaprofessionals.com\/#\/schema\/logo\/image\/"}}]}},"_links":{"self":[{"href":"https:\/\/arkaprofessionals.com\/ingles\/wp-json\/wp\/v2\/pages\/14705","targetHints":{"allow":["GET"]}}],"collection":[{"href":"https:\/\/arkaprofessionals.com\/ingles\/wp-json\/wp\/v2\/pages"}],"about":[{"href":"https:\/\/arkaprofessionals.com\/ingles\/wp-json\/wp\/v2\/types\/page"}],"author":[{"embeddable":true,"href":"https:\/\/arkaprofessionals.com\/ingles\/wp-json\/wp\/v2\/users\/1"}],"replies":[{"embeddable":true,"href":"https:\/\/arkaprofessionals.com\/ingles\/wp-json\/wp\/v2\/comments?post=14705"}],"version-history":[{"count":10,"href":"https:\/\/arkaprofessionals.com\/ingles\/wp-json\/wp\/v2\/pages\/14705\/revisions"}],"predecessor-version":[{"id":14760,"href":"https:\/\/arkaprofessionals.com\/ingles\/wp-json\/wp\/v2\/pages\/14705\/revisions\/14760"}],"up":[{"embeddable":true,"href":"https:\/\/arkaprofessionals.com\/ingles\/wp-json\/wp\/v2\/pages\/14342"}],"wp:attachment":[{"href":"https:\/\/arkaprofessionals.com\/ingles\/wp-json\/wp\/v2\/media?parent=14705"}],"curies":[{"name":"wp","href":"https:\/\/api.w.org\/{rel}","templated":true}]}}