{"id":14707,"date":"2021-08-20T16:45:56","date_gmt":"2021-08-20T20:45:56","guid":{"rendered":"https:\/\/arkaprofessionals.com\/?page_id=14707"},"modified":"2022-02-15T17:12:06","modified_gmt":"2022-02-15T21:12:06","slug":"sitios-web-corporativos","status":"publish","type":"page","link":"https:\/\/arkaprofessionals.com\/ingles\/servicios\/consultoria-empresarial\/sitios-web-corporativos\/","title":{"rendered":"CORPORATE WEBSITES"},"content":{"rendered":"<div class=\"banner has-hover\" id=\"banner-589021954\">\n          <div class=\"banner-inner fill\">\n        <div class=\"banner-bg fill\" >\n            <img loading=\"lazy\" decoding=\"async\" width=\"1020\" height=\"574\" src=\"https:\/\/arkaprofessionals.com\/wp-content\/uploads\/2021\/08\/cover-arka-creacion-sitios-web-min-1024x576.jpeg\" class=\"bg attachment-large size-large\" alt=\"cover-arka-creacion-sitios-web-min\" \/>                        <div class=\"overlay\"><\/div>            \n                    <\/div>\n\t\t\n        <div class=\"banner-layers container\">\n            <div class=\"fill banner-link\"><\/div>            \n\n   <div id=\"text-box-67014109\" class=\"text-box banner-layer x5 md-x5 lg-x5 y50 md-y50 lg-y50 res-text\">\n                     <div data-animate=\"fadeInLeft\">           <div class=\"text-box-content text dark\">\n              \n              <div class=\"text-inner text-left\">\n                  \n\n<div class=\"is-divider divider clearfix\" style=\"margin-top:0px;margin-bottom:0px;background-color:rgb(172, 14, 35);\"><\/div>\n\n\t<div id=\"text-884362302\" class=\"text\">\n\t\t\n\n<h2 class=\"uppercase\"><strong>CORPORATE WEBSITES<\/strong><\/h2>\n\t\t\n<style>\n#text-884362302 {\n  line-height: 1;\n}\n<\/style>\n\t<\/div>\n\t\n\n              <\/div>\n           <\/div>\n       <\/div>                     \n<style>\n#text-box-67014109 {\n  width: 60%;\n}\n#text-box-67014109 .text-box-content {\n  font-size: 100%;\n}\n@media (min-width:550px) {\n  #text-box-67014109 {\n    width: 40%;\n  }\n}\n<\/style>\n    <\/div>\n \n\n        <\/div>\n      <\/div>\n\n            \n<style>\n#banner-589021954 {\n  padding-top: 400px;\n}\n#banner-589021954 .overlay {\n  background-color: rgba(0, 0, 0, 0.5);\n}\n<\/style>\n  <\/div>\n\n\n\n\t<section class=\"section\" id=\"section_1237088466\">\n\t\t<div class=\"section-bg fill\" >\n\t\t\t\t\t\t\t\t\t\n\t\t\t\n\n\t\t<\/div>\n\n\t\t\n\n\t\t<div class=\"section-content relative\">\n\t\t\t\n\n\t<div id=\"gap-1759738174\" class=\"gap-element clearfix\" style=\"display:block; height:auto;\">\n\t\t\n<style>\n#gap-1759738174 {\n  padding-top: 50px;\n}\n<\/style>\n\t<\/div>\n\t\n\n<div class=\"row align-center\"  id=\"row-1284766657\">\n\n\n\t<div id=\"col-122331402\" class=\"col medium-5 small-10 large-5\"  >\n\t\t\t\t<div class=\"col-inner\"  >\n\t\t\t\n\t\t\t\n\n\t<div id=\"text-1038817273\" class=\"text\">\n\t\t\n\n<p><span style=\"font-size: 100%;\">Creaci\u00f3n y desarrollo de Sitios Corporativos para su Empresa.<\/span><\/p>\n<p><span style=\"font-size: 100%;\">Soluciones integrales de aplicaciones web para su negocio.<\/span><\/p>\n<p><span style=\"font-size: 100%;\">Promoci\u00f3n y creaci\u00f3n de Ads para Social Media.<\/span><\/p>\n\t\t\n<style>\n#text-1038817273 {\n  color: rgb(0,0,0);\n}\n#text-1038817273 > * {\n  color: rgb(0,0,0);\n}\n<\/style>\n\t<\/div>\n\t\n\n\t\t<\/div>\n\t\t\t\t\n<style>\n#col-122331402 > .col-inner {\n  padding: 0px 40px 0px 0px;\n}\n<\/style>\n\t<\/div>\n\n\t\n\n\t<div id=\"col-1005573927\" class=\"col medium-7 small-10 large-7\"  >\n\t\t\t\t<div class=\"col-inner\"  >\n\t\t\t\n\t\t\t\n\n<h2>Services<\/h2>\n<ul>\n<li>Hospedaje y Dominio<\/li>\n<li>Brindamos protecci\u00f3n a su sitio<\/li>\n<li>Asesoramiento de estructura y funcionamiento<\/li>\n<li>Le orientamos en desarrollar las mejores pr\u00e1cticas para su web.<\/li>\n<\/ul>\n\n\t\t<\/div>\n\t\t\t\t\t<\/div>\n\n\t\n\n<\/div>\n\n\t\t<\/div>\n\n\t\t\n<style>\n#section_1237088466 {\n  padding-top: 20px;\n  padding-bottom: 20px;\n}\n<\/style>\n\t<\/section>\n\t\n\n\t<section class=\"section\" id=\"section_1972520906\">\n\t\t<div class=\"section-bg fill\" >\n\t\t\t\t\t\t\t\t\t\n\t\t\t\n\n\t\t<\/div>\n\n\t\t\n\n\t\t<div class=\"section-content relative\">\n\t\t\t\n\n<h2 style=\"text-align: center;\"><span style=\"font-size: 110%;\">MUESTRA PROYECTOS WEB<\/span><\/h2>\n\n  \n    <div class=\"row large-columns-3 medium-columns- small-columns-2 row-small\" >\n  <div class=\"gallery-col col\" >\n          <div class=\"col-inner\">\n            <a class=\"image-lightbox lightbox-gallery\" href=\"https:\/\/arkaprofessionals.com\/wp-content\/uploads\/2021\/08\/iglesia-arca-min.png\" title=\"https:\/\/iglesiaarca.org\/\">            <div class=\"box has-hover gallery-box box-bounce\">\n              <div class=\"box-image image-zoom\" >\n                <img loading=\"lazy\" decoding=\"async\" width=\"300\" height=\"142\" src=\"https:\/\/arkaprofessionals.com\/wp-content\/uploads\/2021\/08\/iglesia-arca-min-300x142.png\" class=\"attachment-medium size-medium\" alt=\"\" ids=\"14783,14784,14805\" style=\"bounce\" col_spacing=\"small\" columns=\"3\" image_hover=\"zoom\" srcset=\"https:\/\/arkaprofessionals.com\/wp-content\/uploads\/2021\/08\/iglesia-arca-min-300x142.png 300w, https:\/\/arkaprofessionals.com\/wp-content\/uploads\/2021\/08\/iglesia-arca-min-768x363.png 768w, https:\/\/arkaprofessionals.com\/wp-content\/uploads\/2021\/08\/iglesia-arca-min.png 1024w\" sizes=\"auto, (max-width: 300px) 100vw, 300px\" \/>                                                              <\/div>\n              <div class=\"box-text text-left\" >\n                 <p>https:\/\/iglesiaarca.org\/<\/p>\n              <\/div>\n            <\/div>\n            <\/a>          <\/div>\n         <\/div><div class=\"gallery-col col\" >\n          <div class=\"col-inner\">\n            <a class=\"image-lightbox lightbox-gallery\" href=\"https:\/\/arkaprofessionals.com\/wp-content\/uploads\/2021\/08\/ministries-for-the-nations-min.png\" title=\"https:\/\/ministriesforthenations.org\/\">            <div class=\"box has-hover gallery-box box-bounce\">\n              <div class=\"box-image image-zoom\" >\n                <img loading=\"lazy\" decoding=\"async\" width=\"300\" height=\"142\" src=\"https:\/\/arkaprofessionals.com\/wp-content\/uploads\/2021\/08\/ministries-for-the-nations-min-300x142.png\" class=\"attachment-medium size-medium\" alt=\"\" ids=\"14783,14784,14805\" style=\"bounce\" col_spacing=\"small\" columns=\"3\" image_hover=\"zoom\" srcset=\"https:\/\/arkaprofessionals.com\/wp-content\/uploads\/2021\/08\/ministries-for-the-nations-min-300x142.png 300w, https:\/\/arkaprofessionals.com\/wp-content\/uploads\/2021\/08\/ministries-for-the-nations-min-768x362.png 768w, https:\/\/arkaprofessionals.com\/wp-content\/uploads\/2021\/08\/ministries-for-the-nations-min.png 1024w\" sizes=\"auto, (max-width: 300px) 100vw, 300px\" \/>                                                              <\/div>\n              <div class=\"box-text text-left\" >\n                 <p>https:\/\/ministriesforthenations.org\/<\/p>\n              <\/div>\n            <\/div>\n            <\/a>          <\/div>\n         <\/div><div class=\"gallery-col col\" >\n          <div class=\"col-inner\">\n            <a class=\"image-lightbox lightbox-gallery\" href=\"https:\/\/arkaprofessionals.com\/wp-content\/uploads\/2021\/09\/ministerioslavoz-website-arka.jpg\" title=\"https:\/\/www.ministerioslavoz.com\/\">            <div class=\"box has-hover gallery-box box-bounce\">\n              <div class=\"box-image image-zoom\" >\n                <img loading=\"lazy\" decoding=\"async\" width=\"300\" height=\"143\" src=\"https:\/\/arkaprofessionals.com\/wp-content\/uploads\/2021\/09\/ministerioslavoz-website-arka-300x143.jpg\" class=\"attachment-medium size-medium\" alt=\"ministerioslavoz-website-arka\" ids=\"14783,14784,14805\" style=\"bounce\" col_spacing=\"small\" columns=\"3\" image_hover=\"zoom\" srcset=\"https:\/\/arkaprofessionals.com\/wp-content\/uploads\/2021\/09\/ministerioslavoz-website-arka-300x143.jpg 300w, https:\/\/arkaprofessionals.com\/wp-content\/uploads\/2021\/09\/ministerioslavoz-website-arka-768x365.jpg 768w, https:\/\/arkaprofessionals.com\/wp-content\/uploads\/2021\/09\/ministerioslavoz-website-arka.jpg 1024w\" sizes=\"auto, (max-width: 300px) 100vw, 300px\" \/>                                                              <\/div>\n              <div class=\"box-text text-left\" >\n                 <p>https:\/\/www.ministerioslavoz.com\/<\/p>\n              <\/div>\n            <\/div>\n            <\/a>          <\/div>\n         <\/div><\/div>\n\n\n\t\t<\/div>\n\n\t\t\n<style>\n#section_1972520906 {\n  padding-top: 30px;\n  padding-bottom: 30px;\n}\n<\/style>\n\t<\/section>\n\t\n\n  <div class=\"banner has-hover\" id=\"banner-549813032\">\n          <div class=\"banner-inner fill\">\n        <div class=\"banner-bg fill\" >\n                                                \n                    <\/div>\n\t\t\n        <div class=\"banner-layers container\">\n            <div class=\"fill banner-link\"><\/div>            \n\n   <div id=\"text-box-1007954071\" class=\"text-box banner-layer x50 md-x50 lg-x50 y20 md-y50 lg-y50 res-text\">\n                                <div class=\"text-box-content text\">\n              \n              <div class=\"text-inner text-center\">\n                  \n\n\t<div id=\"gap-568234356\" class=\"gap-element clearfix\" style=\"display:block; height:auto;\">\n\t\t\n<style>\n#gap-568234356 {\n  padding-top: 10px;\n}\n<\/style>\n\t<\/div>\n\t\n\n<h3>You are seeking <strong>administrative guidance for your company<\/strong><\/h3>\n\t<div id=\"gap-1769097053\" class=\"gap-element clearfix\" style=\"display:block; height:auto;\">\n\t\t\n<style>\n#gap-1769097053 {\n  padding-top: 10px;\n}\n<\/style>\n\t<\/div>\n\t\n\n<a href=\"\/ingles\/contacto\/\" class=\"button primary is-outline is-large\" >\n\t\t<span>Contact us now<\/span>\n\t<\/a>\n\n\n\n              <\/div>\n           <\/div>\n                            \n<style>\n#text-box-1007954071 {\n  width: 60%;\n}\n#text-box-1007954071 .text-box-content {\n  font-size: 100%;\n}\n<\/style>\n    <\/div>\n \n\n        <\/div>\n      <\/div>\n\n            \n<style>\n#banner-549813032 {\n  padding-top: 75%;\n  background-color: rgb(255, 255, 255);\n}\n@media (min-width:550px) {\n  #banner-549813032 {\n    padding-top: 300px;\n  }\n}\n<\/style>\n  <\/div>","protected":false},"excerpt":{"rendered":"","protected":false},"author":1,"featured_media":0,"parent":14342,"menu_order":2,"comment_status":"closed","ping_status":"closed","template":"","meta":{"footnotes":""},"class_list":["post-14707","page","type-page","status-publish","hentry"],"yoast_head":"<!-- This site is optimized with the Yoast SEO plugin v27.3 - https:\/\/yoast.com\/product\/yoast-seo-wordpress\/ -->\n<title>SITIOS WEB CORPORATIVOS - Arka Professional Services<\/title>\n<meta name=\"description\" content=\"Creaci\u00f3n y desarrollo de Sitios Corporativos para su Empresa.Soluciones integrales de aplicaciones web para su negocio.Promoci\u00f3n y creaci\u00f3n.\" \/>\n<meta name=\"robots\" content=\"index, follow, max-snippet:-1, max-image-preview:large, max-video-preview:-1\" \/>\n<link rel=\"canonical\" href=\"https:\/\/arkaprofessionals.com\/ingles\/servicios\/consultoria-empresarial\/sitios-web-corporativos\/\" \/>\n<meta property=\"og:locale\" content=\"en_US\" \/>\n<meta property=\"og:type\" content=\"article\" \/>\n<meta property=\"og:title\" content=\"SITIOS WEB CORPORATIVOS - Arka Professional Services\" \/>\n<meta property=\"og:description\" content=\"Creaci\u00f3n y desarrollo de Sitios Corporativos para su Empresa.Soluciones integrales de aplicaciones web para su negocio.Promoci\u00f3n y creaci\u00f3n.\" \/>\n<meta property=\"og:url\" content=\"https:\/\/arkaprofessionals.com\/ingles\/servicios\/consultoria-empresarial\/sitios-web-corporativos\/\" \/>\n<meta property=\"og:site_name\" content=\"Arka Professionals Services\" \/>\n<meta property=\"article:modified_time\" content=\"2022-02-15T21:12:06+00:00\" \/>\n<meta name=\"twitter:card\" content=\"summary_large_image\" \/>\n<meta name=\"twitter:label1\" content=\"Est. reading time\" \/>\n\t<meta name=\"twitter:data1\" content=\"1 minute\" \/>\n<!-- \/ Yoast SEO plugin. -->","yoast_head_json":{"title":"SITIOS WEB CORPORATIVOS - Arka Professional Services","description":"Creaci\u00f3n y desarrollo de Sitios Corporativos para su Empresa.Soluciones integrales de aplicaciones web para su negocio.Promoci\u00f3n y creaci\u00f3n.","robots":{"index":"index","follow":"follow","max-snippet":"max-snippet:-1","max-image-preview":"max-image-preview:large","max-video-preview":"max-video-preview:-1"},"canonical":"https:\/\/arkaprofessionals.com\/ingles\/servicios\/consultoria-empresarial\/sitios-web-corporativos\/","og_locale":"en_US","og_type":"article","og_title":"SITIOS WEB CORPORATIVOS - Arka Professional Services","og_description":"Creaci\u00f3n y desarrollo de Sitios Corporativos para su Empresa.Soluciones integrales de aplicaciones web para su negocio.Promoci\u00f3n y creaci\u00f3n.","og_url":"https:\/\/arkaprofessionals.com\/ingles\/servicios\/consultoria-empresarial\/sitios-web-corporativos\/","og_site_name":"Arka Professionals Services","article_modified_time":"2022-02-15T21:12:06+00:00","twitter_card":"summary_large_image","twitter_misc":{"Est. reading time":"1 minute"},"schema":{"@context":"https:\/\/schema.org","@graph":[{"@type":"WebPage","@id":"https:\/\/arkaprofessionals.com\/servicios\/consultoria-empresarial\/sitios-web-corporativos\/","url":"https:\/\/arkaprofessionals.com\/servicios\/consultoria-empresarial\/sitios-web-corporativos\/","name":"SITIOS WEB CORPORATIVOS - Arka Professional Services","isPartOf":{"@id":"https:\/\/arkaprofessionals.com\/#website"},"datePublished":"2021-08-20T20:45:56+00:00","dateModified":"2022-02-15T21:12:06+00:00","description":"Creaci\u00f3n y desarrollo de Sitios Corporativos para su Empresa.Soluciones integrales de aplicaciones web para su negocio.Promoci\u00f3n y creaci\u00f3n.","breadcrumb":{"@id":"https:\/\/arkaprofessionals.com\/servicios\/consultoria-empresarial\/sitios-web-corporativos\/#breadcrumb"},"inLanguage":"en-US","potentialAction":[{"@type":"ReadAction","target":["https:\/\/arkaprofessionals.com\/servicios\/consultoria-empresarial\/sitios-web-corporativos\/"]}]},{"@type":"BreadcrumbList","@id":"https:\/\/arkaprofessionals.com\/servicios\/consultoria-empresarial\/sitios-web-corporativos\/#breadcrumb","itemListElement":[{"@type":"ListItem","position":1,"name":"Portada","item":"https:\/\/arkaprofessionals.com\/"},{"@type":"ListItem","position":2,"name":"Servicios","item":"https:\/\/arkaprofessionals.com\/servicios\/"},{"@type":"ListItem","position":3,"name":"Consultor\u00eda empresarial","item":"https:\/\/arkaprofessionals.com\/servicios\/consultoria-empresarial\/"},{"@type":"ListItem","position":4,"name":"SITIOS WEB CORPORATIVOS"}]},{"@type":"WebSite","@id":"https:\/\/arkaprofessionals.com\/#website","url":"https:\/\/arkaprofessionals.com\/","name":"Arka Professionals Services","description":"Servicios administrativos","publisher":{"@id":"https:\/\/arkaprofessionals.com\/#organization"},"potentialAction":[{"@type":"SearchAction","target":{"@type":"EntryPoint","urlTemplate":"https:\/\/arkaprofessionals.com\/?s={search_term_string}"},"query-input":{"@type":"PropertyValueSpecification","valueRequired":true,"valueName":"search_term_string"}}],"inLanguage":"en-US"},{"@type":"Organization","@id":"https:\/\/arkaprofessionals.com\/#organization","name":"Arka Professionals","url":"https:\/\/arkaprofessionals.com\/","logo":{"@type":"ImageObject","inLanguage":"en-US","@id":"https:\/\/arkaprofessionals.com\/#\/schema\/logo\/image\/","url":"https:\/\/arkaprofessionals.com\/wp-content\/uploads\/2022\/03\/logo_arka.png","contentUrl":"https:\/\/arkaprofessionals.com\/wp-content\/uploads\/2022\/03\/logo_arka.png","width":500,"height":370,"caption":"Arka Professionals"},"image":{"@id":"https:\/\/arkaprofessionals.com\/#\/schema\/logo\/image\/"}}]}},"_links":{"self":[{"href":"https:\/\/arkaprofessionals.com\/ingles\/wp-json\/wp\/v2\/pages\/14707","targetHints":{"allow":["GET"]}}],"collection":[{"href":"https:\/\/arkaprofessionals.com\/ingles\/wp-json\/wp\/v2\/pages"}],"about":[{"href":"https:\/\/arkaprofessionals.com\/ingles\/wp-json\/wp\/v2\/types\/page"}],"author":[{"embeddable":true,"href":"https:\/\/arkaprofessionals.com\/ingles\/wp-json\/wp\/v2\/users\/1"}],"replies":[{"embeddable":true,"href":"https:\/\/arkaprofessionals.com\/ingles\/wp-json\/wp\/v2\/comments?post=14707"}],"version-history":[{"count":7,"href":"https:\/\/arkaprofessionals.com\/ingles\/wp-json\/wp\/v2\/pages\/14707\/revisions"}],"predecessor-version":[{"id":14806,"href":"https:\/\/arkaprofessionals.com\/ingles\/wp-json\/wp\/v2\/pages\/14707\/revisions\/14806"}],"up":[{"embeddable":true,"href":"https:\/\/arkaprofessionals.com\/ingles\/wp-json\/wp\/v2\/pages\/14342"}],"wp:attachment":[{"href":"https:\/\/arkaprofessionals.com\/ingles\/wp-json\/wp\/v2\/media?parent=14707"}],"curies":[{"name":"wp","href":"https:\/\/api.w.org\/{rel}","templated":true}]}}